{"id":3240,"date":"2021-08-22T16:07:29","date_gmt":"2021-08-22T16:07:29","guid":{"rendered":"https:\/\/academstar.com\/?page_id=3240"},"modified":"2021-08-22T16:07:31","modified_gmt":"2021-08-22T16:07:31","slug":"feedback","status":"publish","type":"page","link":"https:\/\/academstar.com\/az\/feedback\/","title":{"rendered":"R\u0259yinizi bildirin"},"content":{"rendered":"<div class=\"wpforms-container wpforms-container-full wpforms-block\" id=\"wpforms-3239\"><form id=\"wpforms-form-3239\" class=\"wpforms-validate wpforms-form\" data-formid=\"3239\" method=\"post\" enctype=\"multipart\/form-data\" action=\"\/az\/wp-json\/wp\/v2\/pages\/3240\" data-token=\"36cadfa1465f7b596f156f82c2e307c1\" data-token-time=\"1776209895\" data-trp-original-action=\"\/az\/wp-json\/wp\/v2\/pages\/3240\"><noscript class=\"wpforms-error-noscript\">Please enable JavaScript in your browser to complete this form.<\/noscript><div class=\"wpforms-field-container\"><div id=\"wpforms-3239-field_1-container\" class=\"wpforms-field wpforms-field-name\" data-field-id=\"1\"><label class=\"wpforms-field-label\">Tam ad\u0131n\u0131z \/ Name  <span class=\"wpforms-required-label\">*<\/span><\/label><div class=\"wpforms-field-row wpforms-field-medium\"><div class=\"wpforms-field-row-block wpforms-first wpforms-one-half\"><input type=\"text\" id=\"wpforms-3239-field_1\" class=\"wpforms-field-name-first wpforms-field-required\" name=\"wpforms[fields][1][first]\" required><label for=\"wpforms-3239-field_1\" class=\"wpforms-field-sublabel after\">First<\/label><\/div><div class=\"wpforms-field-row-block wpforms-one-half\"><input type=\"text\" id=\"wpforms-3239-field_1-last\" class=\"wpforms-field-name-last wpforms-field-required\" name=\"wpforms[fields][1][last]\" required><label for=\"wpforms-3239-field_1-last\" class=\"wpforms-field-sublabel after\">Last<\/label><\/div><\/div><\/div><div id=\"wpforms-3239-field_2-container\" class=\"wpforms-field wpforms-field-email\" data-field-id=\"2\"><label class=\"wpforms-field-label\" for=\"wpforms-3239-field_2\">Elektron \u00fcnvan\u0131n\u0131z \/ Email <span class=\"wpforms-required-label\">*<\/span><\/label><input type=\"email\" id=\"wpforms-3239-field_2\" class=\"wpforms-field-medium wpforms-field-required\" name=\"wpforms[fields][2]\" spellcheck=\"false\" required><\/div><div id=\"wpforms-3239-field_3-container\" class=\"wpforms-field wpforms-field-phone\" data-field-id=\"3\"><label class=\"wpforms-field-label\" for=\"wpforms-3239-field_3\">\u018flaq\u0259 n\u00f6mr\u0259niz \/ Phone<\/label><input type=\"tel\" id=\"wpforms-3239-field_3\" class=\"wpforms-field-medium wpforms-smart-phone-field\" data-rule-smart-phone-field=\"true\" name=\"wpforms[fields][3]\" aria-label=\"\u018flaq\u0259 n\u00f6mr\u0259niz \/ Phone\" ><\/div><div id=\"wpforms-3239-field_5-container\" class=\"wpforms-field wpforms-field-text\" data-field-id=\"5\"><label class=\"wpforms-field-label\" for=\"wpforms-3239-field_5\">Fikir s\u00f6yl\u0259m\u0259k ist\u0259diyiniz m\u00fc\u0259llimin v\u0259 ya i\u015f\u00e7inin ad\u0131n\u0131 qeyd edin \/ Mention a teacher\/worker whom you want to assess <span class=\"wpforms-required-label\">*<\/span><\/label><input type=\"text\" id=\"wpforms-3239-field_5\" class=\"wpforms-field-medium wpforms-field-required\" name=\"wpforms[fields][5]\" required><\/div><div id=\"wpforms-3239-field_6-container\" class=\"wpforms-field wpforms-field-radio\" data-field-id=\"6\"><label class=\"wpforms-field-label\">Sah\u0259 \/ Field <span class=\"wpforms-required-label\">*<\/span><\/label><ul id=\"wpforms-3239-field_6\" class=\"wpforms-field-required\"><li class=\"choice-1 depth-1\"><input type=\"radio\" id=\"wpforms-3239-field_6_1\" name=\"wpforms[fields][6]\" value=\"IELTS\/TOEFL\/Duolingo\" required><label class=\"wpforms-field-label-inline\" for=\"wpforms-3239-field_6_1\">IELTS\/TOEFL\/Duolingo<\/label><\/li><li class=\"choice-2 depth-1\"><input type=\"radio\" id=\"wpforms-3239-field_6_2\" name=\"wpforms[fields][6]\" value=\"General English\" required><label class=\"wpforms-field-label-inline\" for=\"wpforms-3239-field_6_2\">General English<\/label><\/li><li class=\"choice-3 depth-1\"><input type=\"radio\" id=\"wpforms-3239-field_6_3\" name=\"wpforms[fields][6]\" value=\"Russian\/German language\" required><label class=\"wpforms-field-label-inline\" for=\"wpforms-3239-field_6_3\">Russian\/German language<\/label><\/li><li class=\"choice-4 depth-1\"><input type=\"radio\" id=\"wpforms-3239-field_6_4\" name=\"wpforms[fields][6]\" value=\"GMAT\/GRE\/SAT\/LSAT\" required><label class=\"wpforms-field-label-inline\" for=\"wpforms-3239-field_6_4\">GMAT\/GRE\/SAT\/LSAT<\/label><\/li><li class=\"choice-5 depth-1\"><input type=\"radio\" id=\"wpforms-3239-field_6_5\" name=\"wpforms[fields][6]\" value=\"Education abroad\" required><label class=\"wpforms-field-label-inline\" for=\"wpforms-3239-field_6_5\">Education abroad<\/label><\/li><li class=\"choice-6 depth-1\"><input type=\"radio\" id=\"wpforms-3239-field_6_6\" name=\"wpforms[fields][6]\" value=\"Office administrator\" required><label class=\"wpforms-field-label-inline\" for=\"wpforms-3239-field_6_6\">Office administrator<\/label><\/li><li class=\"choice-7 depth-1\"><input type=\"radio\" id=\"wpforms-3239-field_6_7\" name=\"wpforms[fields][6]\" value=\"Law\/Marketing\/HR\/Finance \" required><label class=\"wpforms-field-label-inline\" for=\"wpforms-3239-field_6_7\">Law\/Marketing\/HR\/Finance<\/label><\/li><\/ul><\/div><div id=\"wpforms-3239-field_4-container\" class=\"wpforms-field wpforms-field-textarea\" data-field-id=\"4\"><label class=\"wpforms-field-label\" for=\"wpforms-3239-field_4\">Dem\u0259k ist\u0259diyinizi bura yaz\u0131n \/ Write what you want to say <span class=\"wpforms-required-label\">*<\/span><\/label><textarea id=\"wpforms-3239-field_4\" class=\"wpforms-field-medium wpforms-field-required\" name=\"wpforms[fields][4]\" required><\/textarea><\/div><\/div><!-- .wpforms-field-container --><div class=\"wpforms-submit-container\" ><input type=\"hidden\" name=\"wpforms[id]\" value=\"3239\"><input type=\"hidden\" name=\"page_title\" value=\"\"><input type=\"hidden\" name=\"page_url\" value=\"https:\/\/academstar.com\/az\/wp-json\/wp\/v2\/pages\/3240\"><input type=\"hidden\" name=\"url_referer\" value=\"\"><button type=\"submit\" name=\"wpforms[submit]\" id=\"wpforms-submit-3239\" class=\"wpforms-submit\" data-alt-text=\"Sending...\" data-submit-text=\"Submit\" aria-live=\"assertive\" value=\"wpforms-submit\">T\u0259sdiql\u0259<\/button><\/div><input type=\"hidden\" name=\"trp-form-language\" value=\"az\"\/><\/form><\/div>  <!-- .wpforms-container -->","protected":false},"excerpt":{"rendered":"","protected":false},"author":1,"featured_media":0,"parent":0,"menu_order":0,"comment_status":"closed","ping_status":"closed","template":"","meta":{"om_disable_all_campaigns":false,"_monsterinsights_skip_tracking":false,"_monsterinsights_sitenote_active":false,"_monsterinsights_sitenote_note":"","_monsterinsights_sitenote_category":0,"spay_email":"","footnotes":""},"class_list":["post-3240","page","type-page","status-publish","hentry"],"aioseo_notices":[],"yoast_head":"<!-- This site is optimized with the Yoast SEO plugin v18.0 - https:\/\/yoast.com\/wordpress\/plugins\/seo\/ -->\n<title>Feedback - Academstar<\/title>\n<meta name=\"description\" content=\"Academstar Training Centre provides high-quality courses on IELTS, GMAT, GRE, SAT, TOEFL and General English.Our success rate is 95 %. Join us!\" \/>\n<meta name=\"robots\" content=\"index, follow, max-snippet:-1, max-image-preview:large, max-video-preview:-1\" \/>\n<link rel=\"canonical\" href=\"https:\/\/academstar.com\/az\/feedback\/\" \/>\n<meta property=\"og:locale\" content=\"az_AZ\" \/>\n<meta property=\"og:type\" content=\"article\" \/>\n<meta property=\"og:title\" content=\"Feedback - Academstar\" \/>\n<meta property=\"og:description\" content=\"Academstar Training Centre provides high-quality courses on IELTS, GMAT, GRE, SAT, TOEFL and General English.Our success rate is 95 %. Join us!\" \/>\n<meta property=\"og:url\" content=\"https:\/\/academstar.com\/az\/feedback\/\" \/>\n<meta property=\"og:site_name\" content=\"Academstar\" \/>\n<meta property=\"article:modified_time\" content=\"2021-08-22T16:07:31+00:00\" \/>\n<meta name=\"twitter:card\" content=\"summary_large_image\" \/>\n<script type=\"application\/ld+json\" class=\"yoast-schema-graph\">{\"@context\":\"https:\/\/schema.org\",\"@graph\":[{\"@type\":\"Organization\",\"@id\":\"https:\/\/academstar.com\/#organization\",\"name\":\"Academstar\",\"url\":\"https:\/\/academstar.com\/\",\"sameAs\":[],\"logo\":{\"@type\":\"ImageObject\",\"@id\":\"https:\/\/academstar.com\/#logo\",\"inLanguage\":\"az\",\"url\":\"https:\/\/i1.wp.com\/academstar.com\/wp-content\/uploads\/2021\/05\/cropped-48894167_103096714098837_1586699376003121152_n.jpg?fit=512%2C512&ssl=1\",\"contentUrl\":\"https:\/\/i1.wp.com\/academstar.com\/wp-content\/uploads\/2021\/05\/cropped-48894167_103096714098837_1586699376003121152_n.jpg?fit=512%2C512&ssl=1\",\"width\":512,\"height\":512,\"caption\":\"Academstar\"},\"image\":{\"@id\":\"https:\/\/academstar.com\/#logo\"}},{\"@type\":\"WebSite\",\"@id\":\"https:\/\/academstar.com\/#website\",\"url\":\"https:\/\/academstar.com\/\",\"name\":\"Academstar\",\"description\":\"Educational Platform\",\"publisher\":{\"@id\":\"https:\/\/academstar.com\/#organization\"},\"potentialAction\":[{\"@type\":\"SearchAction\",\"target\":{\"@type\":\"EntryPoint\",\"urlTemplate\":\"https:\/\/academstar.com\/?s={search_term_string}\"},\"query-input\":\"required name=search_term_string\"}],\"inLanguage\":\"az\"},{\"@type\":\"WebPage\",\"@id\":\"https:\/\/academstar.com\/feedback\/#webpage\",\"url\":\"https:\/\/academstar.com\/feedback\/\",\"name\":\"Feedback - Academstar\",\"isPartOf\":{\"@id\":\"https:\/\/academstar.com\/#website\"},\"datePublished\":\"2021-08-22T16:07:29+00:00\",\"dateModified\":\"2021-08-22T16:07:31+00:00\",\"description\":\"Academstar Training Centre provides high-quality courses on IELTS, GMAT, GRE, SAT, TOEFL and General English.Our success rate is 95 %. Join us!\",\"breadcrumb\":{\"@id\":\"https:\/\/academstar.com\/feedback\/#breadcrumb\"},\"inLanguage\":\"az\",\"potentialAction\":[{\"@type\":\"ReadAction\",\"target\":[\"https:\/\/academstar.com\/feedback\/\"]}]},{\"@type\":\"BreadcrumbList\",\"@id\":\"https:\/\/academstar.com\/feedback\/#breadcrumb\",\"itemListElement\":[{\"@type\":\"ListItem\",\"position\":1,\"name\":\"Home\",\"item\":\"https:\/\/academstar.com\/\"},{\"@type\":\"ListItem\",\"position\":2,\"name\":\"Feedback\"}]}]}<\/script>\n<!-- \/ Yoast SEO plugin. -->","yoast_head_json":{"title":"Feedback - Academstar","description":"Academstar Training Centre provides high-quality courses on IELTS, GMAT, GRE, SAT, TOEFL and General English.Our success rate is 95 %. Join us!","robots":{"index":"index","follow":"follow","max-snippet":"max-snippet:-1","max-image-preview":"max-image-preview:large","max-video-preview":"max-video-preview:-1"},"canonical":"https:\/\/academstar.com\/az\/feedback\/","og_locale":"az_AZ","og_type":"article","og_title":"Feedback - Academstar","og_description":"Academstar Training Centre provides high-quality courses on IELTS, GMAT, GRE, SAT, TOEFL and General English.Our success rate is 95 %. Join us!","og_url":"https:\/\/academstar.com\/az\/feedback\/","og_site_name":"Academstar","article_modified_time":"2021-08-22T16:07:31+00:00","twitter_card":"summary_large_image","schema":{"@context":"https:\/\/schema.org","@graph":[{"@type":"Organization","@id":"https:\/\/academstar.com\/#organization","name":"Academstar","url":"https:\/\/academstar.com\/","sameAs":[],"logo":{"@type":"ImageObject","@id":"https:\/\/academstar.com\/#logo","inLanguage":"az","url":"https:\/\/i1.wp.com\/academstar.com\/wp-content\/uploads\/2021\/05\/cropped-48894167_103096714098837_1586699376003121152_n.jpg?fit=512%2C512&ssl=1","contentUrl":"https:\/\/i1.wp.com\/academstar.com\/wp-content\/uploads\/2021\/05\/cropped-48894167_103096714098837_1586699376003121152_n.jpg?fit=512%2C512&ssl=1","width":512,"height":512,"caption":"Academstar"},"image":{"@id":"https:\/\/academstar.com\/#logo"}},{"@type":"WebSite","@id":"https:\/\/academstar.com\/#website","url":"https:\/\/academstar.com\/","name":"Academstar","description":"Educational Platform","publisher":{"@id":"https:\/\/academstar.com\/#organization"},"potentialAction":[{"@type":"SearchAction","target":{"@type":"EntryPoint","urlTemplate":"https:\/\/academstar.com\/?s={search_term_string}"},"query-input":"required name=search_term_string"}],"inLanguage":"az"},{"@type":"WebPage","@id":"https:\/\/academstar.com\/feedback\/#webpage","url":"https:\/\/academstar.com\/feedback\/","name":"Feedback - Academstar","isPartOf":{"@id":"https:\/\/academstar.com\/#website"},"datePublished":"2021-08-22T16:07:29+00:00","dateModified":"2021-08-22T16:07:31+00:00","description":"Academstar Training Centre provides high-quality courses on IELTS, GMAT, GRE, SAT, TOEFL and General English.Our success rate is 95 %. Join us!","breadcrumb":{"@id":"https:\/\/academstar.com\/feedback\/#breadcrumb"},"inLanguage":"az","potentialAction":[{"@type":"ReadAction","target":["https:\/\/academstar.com\/feedback\/"]}]},{"@type":"BreadcrumbList","@id":"https:\/\/academstar.com\/feedback\/#breadcrumb","itemListElement":[{"@type":"ListItem","position":1,"name":"Home","item":"https:\/\/academstar.com\/"},{"@type":"ListItem","position":2,"name":"Feedback"}]}]}},"_links":{"self":[{"href":"https:\/\/academstar.com\/az\/wp-json\/wp\/v2\/pages\/3240","targetHints":{"allow":["GET"]}}],"collection":[{"href":"https:\/\/academstar.com\/az\/wp-json\/wp\/v2\/pages"}],"about":[{"href":"https:\/\/academstar.com\/az\/wp-json\/wp\/v2\/types\/page"}],"author":[{"embeddable":true,"href":"https:\/\/academstar.com\/az\/wp-json\/wp\/v2\/users\/1"}],"replies":[{"embeddable":true,"href":"https:\/\/academstar.com\/az\/wp-json\/wp\/v2\/comments?post=3240"}],"version-history":[{"count":1,"href":"https:\/\/academstar.com\/az\/wp-json\/wp\/v2\/pages\/3240\/revisions"}],"predecessor-version":[{"id":3241,"href":"https:\/\/academstar.com\/az\/wp-json\/wp\/v2\/pages\/3240\/revisions\/3241"}],"wp:attachment":[{"href":"https:\/\/academstar.com\/az\/wp-json\/wp\/v2\/media?parent=3240"}],"curies":[{"name":"wp","href":"https:\/\/api.w.org\/{rel}","templated":true}]}}