{"id":3253,"date":"2021-08-29T12:51:02","date_gmt":"2021-08-29T12:51:02","guid":{"rendered":"https:\/\/academstar.com\/?page_id=3253"},"modified":"2023-05-15T20:17:26","modified_gmt":"2023-05-15T20:17:26","slug":"about-us","status":"publish","type":"page","link":"https:\/\/academstar.com\/az\/about-us\/","title":{"rendered":"Haqq\u0131m\u0131zda"},"content":{"rendered":"<div data-elementor-type=\"wp-page\" data-elementor-id=\"3253\" class=\"elementor elementor-3253\" data-elementor-settings=\"[]\">\n\t\t\t\t\t\t\t<div class=\"elementor-section-wrap\">\n\t\t\t\t\t\t\t<section class=\"elementor-section elementor-top-section elementor-element elementor-element-8303efc elementor-section-boxed elementor-section-height-default elementor-section-height-default\" data-id=\"8303efc\" data-element_type=\"section\">\n\t\t\t\t\t\t<div class=\"elementor-container elementor-column-gap-default\">\n\t\t\t\t\t<div class=\"elementor-column elementor-col-100 elementor-top-column elementor-element elementor-element-eac7076\" data-id=\"eac7076\" data-element_type=\"column\">\n\t\t\t<div class=\"elementor-widget-wrap elementor-element-populated\">\n\t\t\t\t\t\t\t\t<div class=\"elementor-element elementor-element-063806d elementor-widget elementor-widget-heading\" data-id=\"063806d\" data-element_type=\"widget\" data-widget_type=\"heading.default\">\n\t\t\t\t<div class=\"elementor-widget-container\">\n\t\t\t<style>\/*! elementor - v3.5.4 - 23-01-2022 *\/\n.elementor-heading-title{padding:0;margin:0;line-height:1}.elementor-widget-heading .elementor-heading-title[class*=elementor-size-]>a{color:inherit;font-size:inherit;line-height:inherit}.elementor-widget-heading .elementor-heading-title.elementor-size-small{font-size:15px}.elementor-widget-heading .elementor-heading-title.elementor-size-medium{font-size:19px}.elementor-widget-heading .elementor-heading-title.elementor-size-large{font-size:29px}.elementor-widget-heading .elementor-heading-title.elementor-size-xl{font-size:39px}.elementor-widget-heading .elementor-heading-title.elementor-size-xxl{font-size:59px}<\/style><h2 class=\"elementor-heading-title elementor-size-default\">Bizim T\u0259dris M\u0259rk\u0259zimiz\u0259 xo\u015f g\u0259lmi\u015fsiniz!<br><div class=\"rtin-content\" style=\"color: rgb(68, 68, 68); font-size: 15px; font-weight: 400; white-space: normal;\"><p style=\"font-family: var( --e-global-typography-text-font-family ), Sans-serif; font-weight: var( --e-global-typography-text-font-weight );\"><strong><br><\/strong><\/p><p style=\"font-family: var( --e-global-typography-text-font-family ), Sans-serif; font-weight: var( --e-global-typography-text-font-weight );\"><strong>Bizim test m\u0259rk\u0259zimizd\u0259 IELTS, GMAT, GRE, SAT, TOEFL, LSAT, Duolingo v\u0259 \u0130ngilis dili d\u0259rsl\u0259rin\u0259 haz\u0131rla\u015fa bil\u0259rsiniz.&nbsp;<\/strong><\/p><p style=\"font-family: var( --e-global-typography-text-font-family ), Sans-serif; font-weight: var( --e-global-typography-text-font-weight );\">Our centre has taught over 10,000 students for 12 years. Our success rate is 95 %, and we guarantee results as well as support students until they pass their exams by getting the scores they need. We are here to help everyone.&nbsp;<\/p><\/div><span style=\"font-family: var( --e-global-typography-text-font-family ), Sans-serif; font-size: 15px; font-weight: var( --e-global-typography-text-font-weight ); color: rgb(68, 68, 68); white-space: normal;\">Bizim missiyam\u0131z budur - \"T\u0259hsil ham\u0131 \u00fc\u00e7\u00fcn h\u0259r yerd\u0259!\"<\/span><\/h2>\t\t<\/div>\n\t\t\t\t<\/div>\n\t\t\t\t\t<\/div>\n\t\t<\/div>\n\t\t\t\t\t\t\t<\/div>\n\t\t<\/section>\n\t\t\t\t<section class=\"elementor-section elementor-top-section elementor-element elementor-element-8d74cec elementor-section-boxed elementor-section-height-default elementor-section-height-default\" data-id=\"8d74cec\" data-element_type=\"section\">\n\t\t\t\t\t\t<div class=\"elementor-container elementor-column-gap-default\">\n\t\t\t\t\t<div class=\"elementor-column elementor-col-25 elementor-top-column elementor-element elementor-element-46c3519\" data-id=\"46c3519\" data-element_type=\"column\">\n\t\t\t<div class=\"elementor-widget-wrap elementor-element-populated\">\n\t\t\t\t\t\t\t\t<div class=\"elementor-element elementor-element-dcce75d elementor-widget elementor-widget-image\" data-id=\"dcce75d\" data-element_type=\"widget\" data-widget_type=\"image.default\">\n\t\t\t\t<div class=\"elementor-widget-container\">\n\t\t\t<style>\/*! elementor - v3.5.4 - 23-01-2022 *\/\n.elementor-widget-image{text-align:center}.elementor-widget-image a{display:inline-block}.elementor-widget-image a img[src$=\".svg\"]{width:48px}.elementor-widget-image img{vertical-align:middle;display:inline-block}<\/style>\t\t\t\t\t\t\t\t\t\t\t\t<img decoding=\"async\" width=\"1024\" height=\"683\" src=\"https:\/\/academstar.com\/wp-content\/uploads\/2021\/09\/IMG_0395-1024x683.jpg\" class=\"attachment-large size-large\" alt=\"\" srcset=\"https:\/\/academstar.com\/wp-content\/uploads\/2021\/09\/IMG_0395-1024x683.jpg 1024w, https:\/\/academstar.com\/wp-content\/uploads\/2021\/09\/IMG_0395-300x200.jpg 300w, https:\/\/academstar.com\/wp-content\/uploads\/2021\/09\/IMG_0395-1536x1024.jpg 1536w, https:\/\/academstar.com\/wp-content\/uploads\/2021\/09\/IMG_0395-2048x1365.jpg 2048w, https:\/\/academstar.com\/wp-content\/uploads\/2021\/09\/IMG_0395-18x12.jpg 18w, https:\/\/academstar.com\/wp-content\/uploads\/2021\/09\/IMG_0395-150x100.jpg 150w, https:\/\/academstar.com\/wp-content\/uploads\/2021\/09\/IMG_0395-600x400.jpg 600w\" sizes=\"(max-width: 1024px) 100vw, 1024px\" \/>\t\t\t\t\t\t\t\t\t\t\t\t\t\t\t<\/div>\n\t\t\t\t<\/div>\n\t\t\t\t\t<\/div>\n\t\t<\/div>\n\t\t\t\t<div class=\"elementor-column elementor-col-25 elementor-top-column elementor-element elementor-element-55e8513\" data-id=\"55e8513\" data-element_type=\"column\">\n\t\t\t<div class=\"elementor-widget-wrap elementor-element-populated\">\n\t\t\t\t\t\t\t\t<div class=\"elementor-element elementor-element-62e69ed elementor-widget elementor-widget-image\" data-id=\"62e69ed\" data-element_type=\"widget\" data-widget_type=\"image.default\">\n\t\t\t\t<div class=\"elementor-widget-container\">\n\t\t\t\t\t\t\t\t\t\t\t\t\t\t\t<img decoding=\"async\" src=\"https:\/\/academstar.com\/wp-content\/uploads\/elementor\/thumbs\/225918110_4549178445116375_8069150731845220677_n-e1630870812271-pcojzpk3uacknbwh9mybil0kaf49oll0cwpfq0k76k.jpg\" title=\"225918110_4549178445116375_8069150731845220677_n\" alt=\"225918110_4549178445116375_8069150731845220677_n\" \/>\t\t\t\t\t\t\t\t\t\t\t\t\t\t\t<\/div>\n\t\t\t\t<\/div>\n\t\t\t\t\t<\/div>\n\t\t<\/div>\n\t\t\t\t<div class=\"elementor-column elementor-col-25 elementor-top-column elementor-element elementor-element-ae8abd7\" data-id=\"ae8abd7\" data-element_type=\"column\">\n\t\t\t<div class=\"elementor-widget-wrap elementor-element-populated\">\n\t\t\t\t\t\t\t\t<div class=\"elementor-element elementor-element-726a544 elementor-widget elementor-widget-image\" data-id=\"726a544\" data-element_type=\"widget\" data-widget_type=\"image.default\">\n\t\t\t\t<div class=\"elementor-widget-container\">\n\t\t\t\t\t\t\t\t\t\t\t\t\t\t\t<img decoding=\"async\" width=\"1024\" height=\"683\" src=\"https:\/\/academstar.com\/wp-content\/uploads\/2021\/09\/IMG_0383-1024x683.jpg\" class=\"attachment-large size-large\" alt=\"\" srcset=\"https:\/\/academstar.com\/wp-content\/uploads\/2021\/09\/IMG_0383-1024x683.jpg 1024w, https:\/\/academstar.com\/wp-content\/uploads\/2021\/09\/IMG_0383-300x200.jpg 300w, https:\/\/academstar.com\/wp-content\/uploads\/2021\/09\/IMG_0383-1536x1024.jpg 1536w, https:\/\/academstar.com\/wp-content\/uploads\/2021\/09\/IMG_0383-2048x1365.jpg 2048w, https:\/\/academstar.com\/wp-content\/uploads\/2021\/09\/IMG_0383-18x12.jpg 18w, https:\/\/academstar.com\/wp-content\/uploads\/2021\/09\/IMG_0383-150x100.jpg 150w, https:\/\/academstar.com\/wp-content\/uploads\/2021\/09\/IMG_0383-600x400.jpg 600w\" sizes=\"(max-width: 1024px) 100vw, 1024px\" \/>\t\t\t\t\t\t\t\t\t\t\t\t\t\t\t<\/div>\n\t\t\t\t<\/div>\n\t\t\t\t\t<\/div>\n\t\t<\/div>\n\t\t\t\t<div class=\"elementor-column elementor-col-25 elementor-top-column elementor-element elementor-element-99e1eec\" data-id=\"99e1eec\" data-element_type=\"column\">\n\t\t\t<div class=\"elementor-widget-wrap elementor-element-populated\">\n\t\t\t\t\t\t\t\t<div class=\"elementor-element elementor-element-e6a0bce elementor-widget elementor-widget-image\" data-id=\"e6a0bce\" data-element_type=\"widget\" data-widget_type=\"image.default\">\n\t\t\t\t<div class=\"elementor-widget-container\">\n\t\t\t\t\t\t\t\t\t\t\t\t\t\t\t<img decoding=\"async\" src=\"https:\/\/academstar.com\/wp-content\/uploads\/elementor\/thumbs\/IMG_0384-scaled-pchrad6yowo2hqttql3ivykpsz2cg2fnst6kkbcqz0.jpg\" title=\"IMG_0384\" alt=\"IMG_0384\" \/>\t\t\t\t\t\t\t\t\t\t\t\t\t\t\t<\/div>\n\t\t\t\t<\/div>\n\t\t\t\t\t<\/div>\n\t\t<\/div>\n\t\t\t\t\t\t\t<\/div>\n\t\t<\/section>\n\t\t\t\t<section class=\"elementor-section elementor-top-section elementor-element elementor-element-cb25956 elementor-section-boxed elementor-section-height-default elementor-section-height-default\" data-id=\"cb25956\" data-element_type=\"section\">\n\t\t\t\t\t\t<div class=\"elementor-container elementor-column-gap-default\">\n\t\t\t\t\t<div class=\"elementor-column elementor-col-100 elementor-top-column elementor-element elementor-element-9b65e23\" data-id=\"9b65e23\" data-element_type=\"column\">\n\t\t\t<div class=\"elementor-widget-wrap elementor-element-populated\">\n\t\t\t\t\t\t\t\t<div class=\"elementor-element elementor-element-d378670 elementor-widget elementor-widget-spacer\" data-id=\"d378670\" data-element_type=\"widget\" data-widget_type=\"spacer.default\">\n\t\t\t\t<div class=\"elementor-widget-container\">\n\t\t\t\t\t<div class=\"elementor-spacer\">\n\t\t\t<div class=\"elementor-spacer-inner\"><\/div>\n\t\t<\/div>\n\t\t\t\t<\/div>\n\t\t\t\t<\/div>\n\t\t\t\t\t<\/div>\n\t\t<\/div>\n\t\t\t\t\t\t\t<\/div>\n\t\t<\/section>\n\t\t\t\t\t\t<\/div>\n\t\t\t\t\t<\/div>","protected":false},"excerpt":{"rendered":"<p>Welcome To Our Training Centre! Our training centre offers IELTS, GMAT, GRE, SAT, TOEFL, LSAT, Duolingo and English classes.&nbsp; Our centre has taught over 10,000 students for 12 years. Our success rate is 95 %, and we guarantee results as well as support students until they pass their exams by getting the scores they need. [&hellip;]<\/p>","protected":false},"author":1,"featured_media":0,"parent":0,"menu_order":0,"comment_status":"closed","ping_status":"closed","template":"","meta":{"om_disable_all_campaigns":false,"_monsterinsights_skip_tracking":false,"_monsterinsights_sitenote_active":false,"_monsterinsights_sitenote_note":"","_monsterinsights_sitenote_category":0,"spay_email":"","footnotes":""},"class_list":["post-3253","page","type-page","status-publish","hentry"],"aioseo_notices":[],"yoast_head":"<!-- This site is optimized with the Yoast SEO plugin v18.0 - https:\/\/yoast.com\/wordpress\/plugins\/seo\/ -->\n<title>About us - Academstar<\/title>\n<meta name=\"description\" content=\"Academstar Training Centre provides high-quality courses on IELTS, GMAT, GRE, SAT, TOEFL and General English.Our success rate is 95 %. Join us!\" \/>\n<meta name=\"robots\" content=\"index, follow, max-snippet:-1, max-image-preview:large, max-video-preview:-1\" \/>\n<link rel=\"canonical\" href=\"https:\/\/academstar.com\/az\/about-us\/\" \/>\n<meta property=\"og:locale\" content=\"az_AZ\" \/>\n<meta property=\"og:type\" content=\"article\" \/>\n<meta property=\"og:title\" content=\"About us - Academstar\" \/>\n<meta property=\"og:description\" content=\"Academstar Training Centre provides high-quality courses on IELTS, GMAT, GRE, SAT, TOEFL and General English.Our success rate is 95 %. Join us!\" \/>\n<meta property=\"og:url\" content=\"https:\/\/academstar.com\/az\/about-us\/\" \/>\n<meta property=\"og:site_name\" content=\"Academstar\" \/>\n<meta property=\"article:modified_time\" content=\"2023-05-15T20:17:26+00:00\" \/>\n<meta property=\"og:image\" content=\"https:\/\/academstar.com\/wp-content\/uploads\/2021\/09\/IMG_0395-1024x683.jpg\" \/>\n<meta name=\"twitter:card\" content=\"summary_large_image\" \/>\n<meta name=\"twitter:label1\" content=\"Est. reading time\" \/>\n\t<meta name=\"twitter:data1\" content=\"2 minutes\" \/>\n<script type=\"application\/ld+json\" class=\"yoast-schema-graph\">{\"@context\":\"https:\/\/schema.org\",\"@graph\":[{\"@type\":\"Organization\",\"@id\":\"https:\/\/academstar.com\/#organization\",\"name\":\"Academstar\",\"url\":\"https:\/\/academstar.com\/\",\"sameAs\":[],\"logo\":{\"@type\":\"ImageObject\",\"@id\":\"https:\/\/academstar.com\/#logo\",\"inLanguage\":\"az\",\"url\":\"https:\/\/i1.wp.com\/academstar.com\/wp-content\/uploads\/2021\/05\/cropped-48894167_103096714098837_1586699376003121152_n.jpg?fit=512%2C512&ssl=1\",\"contentUrl\":\"https:\/\/i1.wp.com\/academstar.com\/wp-content\/uploads\/2021\/05\/cropped-48894167_103096714098837_1586699376003121152_n.jpg?fit=512%2C512&ssl=1\",\"width\":512,\"height\":512,\"caption\":\"Academstar\"},\"image\":{\"@id\":\"https:\/\/academstar.com\/#logo\"}},{\"@type\":\"WebSite\",\"@id\":\"https:\/\/academstar.com\/#website\",\"url\":\"https:\/\/academstar.com\/\",\"name\":\"Academstar\",\"description\":\"Educational Platform\",\"publisher\":{\"@id\":\"https:\/\/academstar.com\/#organization\"},\"potentialAction\":[{\"@type\":\"SearchAction\",\"target\":{\"@type\":\"EntryPoint\",\"urlTemplate\":\"https:\/\/academstar.com\/?s={search_term_string}\"},\"query-input\":\"required name=search_term_string\"}],\"inLanguage\":\"az\"},{\"@type\":\"ImageObject\",\"@id\":\"https:\/\/academstar.com\/about-us\/#primaryimage\",\"inLanguage\":\"az\",\"url\":\"https:\/\/academstar.com\/wp-content\/uploads\/2021\/09\/IMG_0395-1024x683.jpg\",\"contentUrl\":\"https:\/\/academstar.com\/wp-content\/uploads\/2021\/09\/IMG_0395-1024x683.jpg\"},{\"@type\":\"WebPage\",\"@id\":\"https:\/\/academstar.com\/about-us\/#webpage\",\"url\":\"https:\/\/academstar.com\/about-us\/\",\"name\":\"About us - Academstar\",\"isPartOf\":{\"@id\":\"https:\/\/academstar.com\/#website\"},\"primaryImageOfPage\":{\"@id\":\"https:\/\/academstar.com\/about-us\/#primaryimage\"},\"datePublished\":\"2021-08-29T12:51:02+00:00\",\"dateModified\":\"2023-05-15T20:17:26+00:00\",\"description\":\"Academstar Training Centre provides high-quality courses on IELTS, GMAT, GRE, SAT, TOEFL and General English.Our success rate is 95 %. Join us!\",\"breadcrumb\":{\"@id\":\"https:\/\/academstar.com\/about-us\/#breadcrumb\"},\"inLanguage\":\"az\",\"potentialAction\":[{\"@type\":\"ReadAction\",\"target\":[\"https:\/\/academstar.com\/about-us\/\"]}]},{\"@type\":\"BreadcrumbList\",\"@id\":\"https:\/\/academstar.com\/about-us\/#breadcrumb\",\"itemListElement\":[{\"@type\":\"ListItem\",\"position\":1,\"name\":\"Home\",\"item\":\"https:\/\/academstar.com\/\"},{\"@type\":\"ListItem\",\"position\":2,\"name\":\"About us\"}]}]}<\/script>\n<!-- \/ Yoast SEO plugin. -->","yoast_head_json":{"title":"About us - Academstar","description":"Academstar Training Centre provides high-quality courses on IELTS, GMAT, GRE, SAT, TOEFL and General English.Our success rate is 95 %. Join us!","robots":{"index":"index","follow":"follow","max-snippet":"max-snippet:-1","max-image-preview":"max-image-preview:large","max-video-preview":"max-video-preview:-1"},"canonical":"https:\/\/academstar.com\/az\/about-us\/","og_locale":"az_AZ","og_type":"article","og_title":"About us - Academstar","og_description":"Academstar Training Centre provides high-quality courses on IELTS, GMAT, GRE, SAT, TOEFL and General English.Our success rate is 95 %. Join us!","og_url":"https:\/\/academstar.com\/az\/about-us\/","og_site_name":"Academstar","article_modified_time":"2023-05-15T20:17:26+00:00","og_image":[{"url":"https:\/\/academstar.com\/wp-content\/uploads\/2021\/09\/IMG_0395-1024x683.jpg"}],"twitter_card":"summary_large_image","twitter_misc":{"Est. reading time":"2 minutes"},"schema":{"@context":"https:\/\/schema.org","@graph":[{"@type":"Organization","@id":"https:\/\/academstar.com\/#organization","name":"Academstar","url":"https:\/\/academstar.com\/","sameAs":[],"logo":{"@type":"ImageObject","@id":"https:\/\/academstar.com\/#logo","inLanguage":"az","url":"https:\/\/i1.wp.com\/academstar.com\/wp-content\/uploads\/2021\/05\/cropped-48894167_103096714098837_1586699376003121152_n.jpg?fit=512%2C512&ssl=1","contentUrl":"https:\/\/i1.wp.com\/academstar.com\/wp-content\/uploads\/2021\/05\/cropped-48894167_103096714098837_1586699376003121152_n.jpg?fit=512%2C512&ssl=1","width":512,"height":512,"caption":"Academstar"},"image":{"@id":"https:\/\/academstar.com\/#logo"}},{"@type":"WebSite","@id":"https:\/\/academstar.com\/#website","url":"https:\/\/academstar.com\/","name":"Academstar","description":"Educational Platform","publisher":{"@id":"https:\/\/academstar.com\/#organization"},"potentialAction":[{"@type":"SearchAction","target":{"@type":"EntryPoint","urlTemplate":"https:\/\/academstar.com\/?s={search_term_string}"},"query-input":"required name=search_term_string"}],"inLanguage":"az"},{"@type":"ImageObject","@id":"https:\/\/academstar.com\/about-us\/#primaryimage","inLanguage":"az","url":"https:\/\/academstar.com\/wp-content\/uploads\/2021\/09\/IMG_0395-1024x683.jpg","contentUrl":"https:\/\/academstar.com\/wp-content\/uploads\/2021\/09\/IMG_0395-1024x683.jpg"},{"@type":"WebPage","@id":"https:\/\/academstar.com\/about-us\/#webpage","url":"https:\/\/academstar.com\/about-us\/","name":"About us - Academstar","isPartOf":{"@id":"https:\/\/academstar.com\/#website"},"primaryImageOfPage":{"@id":"https:\/\/academstar.com\/about-us\/#primaryimage"},"datePublished":"2021-08-29T12:51:02+00:00","dateModified":"2023-05-15T20:17:26+00:00","description":"Academstar Training Centre provides high-quality courses on IELTS, GMAT, GRE, SAT, TOEFL and General English.Our success rate is 95 %. Join us!","breadcrumb":{"@id":"https:\/\/academstar.com\/about-us\/#breadcrumb"},"inLanguage":"az","potentialAction":[{"@type":"ReadAction","target":["https:\/\/academstar.com\/about-us\/"]}]},{"@type":"BreadcrumbList","@id":"https:\/\/academstar.com\/about-us\/#breadcrumb","itemListElement":[{"@type":"ListItem","position":1,"name":"Home","item":"https:\/\/academstar.com\/"},{"@type":"ListItem","position":2,"name":"About us"}]}]}},"_links":{"self":[{"href":"https:\/\/academstar.com\/az\/wp-json\/wp\/v2\/pages\/3253","targetHints":{"allow":["GET"]}}],"collection":[{"href":"https:\/\/academstar.com\/az\/wp-json\/wp\/v2\/pages"}],"about":[{"href":"https:\/\/academstar.com\/az\/wp-json\/wp\/v2\/types\/page"}],"author":[{"embeddable":true,"href":"https:\/\/academstar.com\/az\/wp-json\/wp\/v2\/users\/1"}],"replies":[{"embeddable":true,"href":"https:\/\/academstar.com\/az\/wp-json\/wp\/v2\/comments?post=3253"}],"version-history":[{"count":26,"href":"https:\/\/academstar.com\/az\/wp-json\/wp\/v2\/pages\/3253\/revisions"}],"predecessor-version":[{"id":12763,"href":"https:\/\/academstar.com\/az\/wp-json\/wp\/v2\/pages\/3253\/revisions\/12763"}],"wp:attachment":[{"href":"https:\/\/academstar.com\/az\/wp-json\/wp\/v2\/media?parent=3253"}],"curies":[{"name":"wp","href":"https:\/\/api.w.org\/{rel}","templated":true}]}}