{"id":4276,"date":"2021-10-29T20:04:12","date_gmt":"2021-10-29T20:04:12","guid":{"rendered":"https:\/\/academstar.com\/?page_id=4276"},"modified":"2021-10-29T20:04:18","modified_gmt":"2021-10-29T20:04:18","slug":"student-contract-form","status":"publish","type":"page","link":"https:\/\/academstar.com\/az\/student-contract-form\/","title":{"rendered":"Student Contract Form"},"content":{"rendered":"<div class=\"wpforms-container wpforms-container-full wpforms-block\" id=\"wpforms-4275\"><form id=\"wpforms-form-4275\" class=\"wpforms-validate wpforms-form wpforms-ajax-form\" data-formid=\"4275\" method=\"post\" enctype=\"multipart\/form-data\" action=\"\/az\/wp-json\/wp\/v2\/pages\/4276?wpforms_form_id=4275\" data-token=\"298d1b9ae32d80c1f3b44669fa3cc43c\" data-token-time=\"1777600118\" data-trp-original-action=\"\/az\/wp-json\/wp\/v2\/pages\/4276?wpforms_form_id=4275\"><noscript class=\"wpforms-error-noscript\">Please enable JavaScript in your browser to complete this form.<\/noscript><div class=\"wpforms-field-container\"><div id=\"wpforms-4275-field_16-container\" class=\"wpforms-field wpforms-field-date-time\" data-field-id=\"16\"><label class=\"wpforms-field-label\" for=\"wpforms-4275-field_16\">Bug\u00fcnki m\u00fcqavil\u0259nin tarixi \/ Date of this contract <span class=\"wpforms-required-label\">*<\/span><\/label><div class=\"wpforms-datepicker-wrap\"><input type=\"text\" id=\"wpforms-4275-field_16\" class=\"wpforms-field-date-time-date wpforms-datepicker wpforms-field-required wpforms-field-medium\" data-date-format=\"m\/d\/Y\" data-disable-past-dates=\"0\" data-input=\"true\" name=\"wpforms[fields][16][date]\" required><a title=\"Clear Date\" data-clear role=\"button\" tabindex=\"0\" class=\"wpforms-datepicker-clear\" aria-label=\"Clear Date\" style=\"display:none;\"><\/a><\/div><div class=\"wpforms-field-description\">Bug\u00fcnki tarixi qeyd edin \/ Mention today`s date<\/div><\/div><div id=\"wpforms-4275-field_7-container\" class=\"wpforms-field wpforms-field-name\" data-field-id=\"7\"><label class=\"wpforms-field-label\">Ad\u0131n\u0131z v\u0259 soyad\u0131n\u0131z \/ Your full name <span class=\"wpforms-required-label\">*<\/span><\/label><div class=\"wpforms-field-row wpforms-field-medium\"><div class=\"wpforms-field-row-block wpforms-first wpforms-one-half\"><input type=\"text\" id=\"wpforms-4275-field_7\" class=\"wpforms-field-name-first wpforms-field-required\" name=\"wpforms[fields][7][first]\" required><label for=\"wpforms-4275-field_7\" class=\"wpforms-field-sublabel after\">First<\/label><\/div><div class=\"wpforms-field-row-block wpforms-one-half\"><input type=\"text\" id=\"wpforms-4275-field_7-last\" class=\"wpforms-field-name-last wpforms-field-required\" name=\"wpforms[fields][7][last]\" required><label for=\"wpforms-4275-field_7-last\" class=\"wpforms-field-sublabel after\">Last<\/label><\/div><\/div><\/div><div id=\"wpforms-4275-field_12-container\" class=\"wpforms-field wpforms-field-radio\" data-field-id=\"12\"><label class=\"wpforms-field-label\">Kursunuzu se\u00e7in \/ Choose your course <span class=\"wpforms-required-label\">*<\/span><\/label><ul id=\"wpforms-4275-field_12\" class=\"wpforms-field-required\"><li class=\"choice-1 depth-1\"><input type=\"radio\" id=\"wpforms-4275-field_12_1\" name=\"wpforms[fields][12]\" value=\"IELTS\" required><label class=\"wpforms-field-label-inline\" for=\"wpforms-4275-field_12_1\">IELTS<\/label><\/li><li class=\"choice-2 depth-1\"><input type=\"radio\" id=\"wpforms-4275-field_12_2\" name=\"wpforms[fields][12]\" value=\"General English\" required><label class=\"wpforms-field-label-inline\" for=\"wpforms-4275-field_12_2\">General English<\/label><\/li><li class=\"choice-4 depth-1\"><input type=\"radio\" id=\"wpforms-4275-field_12_4\" name=\"wpforms[fields][12]\" value=\"Pre-IELTS\" required><label class=\"wpforms-field-label-inline\" for=\"wpforms-4275-field_12_4\">Pre-IELTS<\/label><\/li><li class=\"choice-5 depth-1\"><input type=\"radio\" id=\"wpforms-4275-field_12_5\" name=\"wpforms[fields][12]\" value=\"Business English\" required><label class=\"wpforms-field-label-inline\" for=\"wpforms-4275-field_12_5\">Business English<\/label><\/li><li class=\"choice-6 depth-1\"><input type=\"radio\" id=\"wpforms-4275-field_12_6\" name=\"wpforms[fields][12]\" value=\"GMAT\" required><label class=\"wpforms-field-label-inline\" for=\"wpforms-4275-field_12_6\">GMAT<\/label><\/li><li class=\"choice-7 depth-1\"><input type=\"radio\" id=\"wpforms-4275-field_12_7\" name=\"wpforms[fields][12]\" value=\"GRE\" required><label class=\"wpforms-field-label-inline\" for=\"wpforms-4275-field_12_7\">GRE<\/label><\/li><li class=\"choice-8 depth-1\"><input type=\"radio\" id=\"wpforms-4275-field_12_8\" name=\"wpforms[fields][12]\" value=\"SAT\" required><label class=\"wpforms-field-label-inline\" for=\"wpforms-4275-field_12_8\">SAT<\/label><\/li><li class=\"choice-9 depth-1\"><input type=\"radio\" id=\"wpforms-4275-field_12_9\" name=\"wpforms[fields][12]\" value=\"TOEFL\" required><label class=\"wpforms-field-label-inline\" for=\"wpforms-4275-field_12_9\">TOEFL<\/label><\/li><li class=\"choice-10 depth-1\"><input type=\"radio\" id=\"wpforms-4275-field_12_10\" name=\"wpforms[fields][12]\" value=\"Finance \/ Economics classes\" required><label class=\"wpforms-field-label-inline\" for=\"wpforms-4275-field_12_10\">Finance \/ Economics classes<\/label><\/li><li class=\"choice-11 depth-1\"><input type=\"radio\" id=\"wpforms-4275-field_12_11\" name=\"wpforms[fields][12]\" value=\"Programming and IT\" required><label class=\"wpforms-field-label-inline\" for=\"wpforms-4275-field_12_11\">Programming and IT<\/label><\/li><\/ul><\/div><div id=\"wpforms-4275-field_8-container\" class=\"wpforms-field wpforms-field-email\" data-field-id=\"8\"><label class=\"wpforms-field-label\" for=\"wpforms-4275-field_8\">Elektron \u00fcnvan\u0131n\u0131z \/ Email <span class=\"wpforms-required-label\">*<\/span><\/label><input type=\"email\" id=\"wpforms-4275-field_8\" class=\"wpforms-field-medium wpforms-field-required\" name=\"wpforms[fields][8]\" spellcheck=\"false\" required><\/div><div id=\"wpforms-4275-field_9-container\" class=\"wpforms-field wpforms-field-phone\" data-field-id=\"9\"><label class=\"wpforms-field-label\" for=\"wpforms-4275-field_9\">\u018flaq\u0259 n\u00f6mr\u0259niz \/ Phone <span class=\"wpforms-required-label\">*<\/span><\/label><input type=\"tel\" id=\"wpforms-4275-field_9\" class=\"wpforms-field-medium wpforms-field-required wpforms-smart-phone-field\" data-rule-smart-phone-field=\"true\" name=\"wpforms[fields][9]\" aria-label=\"\u018flaq\u0259 n\u00f6mr\u0259niz \/ Phone\" required><\/div><div id=\"wpforms-4275-field_10-container\" class=\"wpforms-field wpforms-field-file-upload\" data-field-id=\"10\"><label class=\"wpforms-field-label\" for=\"wpforms-4275-field_10\">\u00d6z \u015f\u0259xsiyy\u0259t v\u0259siq\u0259nizi y\u00fckl\u0259yin \/ Upload your ID (only the main side)<\/label><div\n\t\tclass=\"wpforms-uploader\"\n\t\tdata-field-id=\"10\"\n\t\tdata-form-id=\"4275\"\n\t\tdata-input-name=\"wpforms_4275_10\"\n\t\tdata-extensions=\"jpg,jpeg,jpe,gif,png,bmp,tiff,tif,webp,avif,ico,heic,heif,heics,heifs,asf,asx,wmv,wmx,wm,avi,divx,mov,qt,mpeg,mpg,mpe,mp4,m4v,ogv,webm,mkv,3gp,3gpp,3g2,3gp2,txt,asc,c,cc,h,srt,csv,tsv,ics,rtx,css,vtt,mp3,m4a,m4b,aac,ra,ram,wav,ogg,oga,flac,mid,midi,wma,wax,mka,rtf,pdf,class,tar,zip,gz,gzip,rar,7z,psd,xcf,doc,pot,pps,ppt,wri,xla,xls,xlt,xlw,mpp,docx,docm,dotx,dotm,xlsx,xlsm,xlsb,xltx,xltm,xlam,pptx,pptm,ppsx,ppsm,potx,potm,ppam,sldx,sldm,onetoc,onetoc2,onepkg,oxps,xps,odt,odp,ods,odg,odc,odb,odf,wp,wpd,key,numbers,pages,svg,ttf,otf,eot,woff,woff2,redux\"\n\t\tdata-max-size=\"1610612736\"\n\t\tdata-max-file-number=\"1\"\n\t\tdata-post-max-size=\"1610612736\"\n\t\tdata-max-parallel-uploads=\"4\"\n\t\tdata-parallel-uploads=\"true\"\n\t\tdata-file-chunk-size=\"2097152\">\n\t<div class=\"dz-message\">\n\t\t<svg  viewbox=\"0 0 640 640\" focusable=\"false\" data-icon=\"inbox\" width=\"50px\" height=\"50px\" fill=\"currentColor\" aria-hidden=\"true\">\n\t\t\t<path d=\"M352 173.3L352 384C352 401.7 337.7 416 320 416C302.3 416 288 401.7 288 384L288 173.3L246.6 214.7C234.1 227.2 213.8 227.2 201.3 214.7C188.8 202.2 188.8 181.9 201.3 169.4L297.3 73.4C309.8 60.9 330.1 60.9 342.6 73.4L438.6 169.4C451.1 181.9 451.1 202.2 438.6 214.7C426.1 227.2 405.8 227.2 393.3 214.7L352 173.3zM320 464C364.2 464 400 428.2 400 384L480 384C515.3 384 544 412.7 544 448L544 480C544 515.3 515.3 544 480 544L160 544C124.7 544 96 515.3 96 480L96 448C96 412.7 124.7 384 160 384L240 384C240 428.2 275.8 464 320 464zM464 488C477.3 488 488 477.3 488 464C488 450.7 477.3 440 464 440C450.7 440 440 450.7 440 464C440 477.3 450.7 488 464 488z\"\/>\n\t\t<\/svg>\n\n\t\t<span class=\"modern-title\">\n\t\t\t\t\t\t\tDrag &amp; Drop Files, \t\t\t\t<span>Choose Files to Upload<\/span>\n\t\t\t\t\t<\/span>\n\n\t\t\t<\/div>\n<\/div>\n\n<input\n\t\ttype=\"text\"\n\t\tautocomplete=\"off\"\n\t\treadonly\n\t\tclass=\"dropzone-input\"\n\t\tstyle=\"position:absolute!important;clip:rect(0,0,0,0)!important;height:1px!important;width:1px!important;border:0!important;overflow:hidden!important;padding:0!important;margin:0!important;\"\n\t\tid=\"wpforms-4275-field_10\"\n\t\tname=\"wpforms_4275_10\" \t\tvalue=\"\">\n<\/div><div id=\"wpforms-4275-field_14-container\" class=\"wpforms-field wpforms-field-date-time\" data-field-id=\"14\"><label class=\"wpforms-field-label\" for=\"wpforms-4275-field_14\">Do\u011fum tarixiniz \/ Date of birth <span class=\"wpforms-required-label\">*<\/span><\/label><div class=\"wpforms-datepicker-wrap\"><input type=\"text\" id=\"wpforms-4275-field_14\" class=\"wpforms-field-date-time-date wpforms-datepicker wpforms-field-required wpforms-field-medium\" data-date-format=\"m\/d\/Y\" data-disable-past-dates=\"0\" data-input=\"true\" name=\"wpforms[fields][14][date]\" required><a title=\"Clear Date\" data-clear role=\"button\" tabindex=\"0\" class=\"wpforms-datepicker-clear\" aria-label=\"Clear Date\" style=\"display:none;\"><\/a><\/div><div class=\"wpforms-field-description\">dd.mm.yyyy (30.12.2000)<\/div><\/div><div id=\"wpforms-4275-field_20-container\" class=\"wpforms-field wpforms-field-checkbox\" data-field-id=\"20\"><label class=\"wpforms-field-label\">M\u00fcqavil\u0259nin qaydas\u0131 1: Siz b\u00fct\u00fcn d\u0259rsl\u0259rd\u0259 i\u015ftirak etm\u0259lisiniz. Yaln\u0131z ayda 1 d\u0259f\u0259 d\u0259rsi buraxa bil\u0259rsiniz \/  Contract rule 1: You need to participate in all classes. You can miss a class only once in 1 month.                                    <span class=\"wpforms-required-label\">*<\/span><\/label><ul id=\"wpforms-4275-field_20\" class=\"wpforms-field-required\"><li class=\"choice-1 depth-1\"><input type=\"checkbox\" id=\"wpforms-4275-field_20_1\" name=\"wpforms[fields][20][]\" value=\"Oxudum v\u0259 qaydalarla raz\u0131yam \/  I have read and agree with rules\" required><label class=\"wpforms-field-label-inline\" for=\"wpforms-4275-field_20_1\">Oxudum v\u0259 qaydalarla raz\u0131yam \/  I have read and agree with rules<\/label><\/li><\/ul><\/div><div id=\"wpforms-4275-field_25-container\" class=\"wpforms-field wpforms-field-checkbox\" data-field-id=\"25\"><label class=\"wpforms-field-label\">M\u00fcqavil\u0259nin qaydas\u0131 2: Siz birinci d\u0259rsd\u0259n sonra \u00f6d\u0259ni\u015fi etm\u0259lisiniz. Unutmay\u0131n ki, \u00f6d\u0259ni\u015f geri qaytar\u0131lm\u0131r v\u0259 siz \u00f6d\u0259ni\u015f m\u00fcdd\u0259tini \u0259hat\u0259 ed\u0259n d\u0259rsl\u0259r\u0259 daxil olmal\u0131, v\u0259 ya alternativ kursa d\u0259yi\u015fm\u0259lisiniz.  \/  Contract rule 2: You need to pay for the class fee after the first class. Please note that payment is not refunded and you either need to participate in all classes within the payment period or get an alternative course. <span class=\"wpforms-required-label\">*<\/span><\/label><ul id=\"wpforms-4275-field_25\" class=\"wpforms-field-required\"><li class=\"choice-1 depth-1\"><input type=\"checkbox\" id=\"wpforms-4275-field_25_1\" name=\"wpforms[fields][25][]\" value=\"Oxudum v\u0259 qaydalarla raz\u0131yam \/  I have read and agree with rules\" required><label class=\"wpforms-field-label-inline\" for=\"wpforms-4275-field_25_1\">Oxudum v\u0259 qaydalarla raz\u0131yam \/  I have read and agree with rules<\/label><\/li><\/ul><\/div><div id=\"wpforms-4275-field_26-container\" class=\"wpforms-field wpforms-field-checkbox\" data-field-id=\"26\"><label class=\"wpforms-field-label\">M\u00fcqavil\u0259nin qaydas\u0131 3: M\u00fc\u0259llim v\u0259 \u0259m\u0259kda\u015flarla etik davranmaq xahi\u015f olunur, onlara m\u00fc\u0259llim \/ b\u0259y \/ xan\u0131m dey\u0259r\u0259k m\u00fcraci\u0259t olunmal\u0131d\u0131r.    \/ Contract rule 3: You should behave in an ethical way, and use &quot;Mr\/Ms\/Mrs&quot; or &quot;m\u00fc\u0259llim&quot; while communicating with our teachers and workers <span class=\"wpforms-required-label\">*<\/span><\/label><ul id=\"wpforms-4275-field_26\" class=\"wpforms-field-required\"><li class=\"choice-1 depth-1\"><input type=\"checkbox\" id=\"wpforms-4275-field_26_1\" name=\"wpforms[fields][26][]\" value=\"Oxudum v\u0259 qaydalarla raz\u0131yam \/  I have read and agree with rules\" required><label class=\"wpforms-field-label-inline\" for=\"wpforms-4275-field_26_1\">Oxudum v\u0259 qaydalarla raz\u0131yam \/  I have read and agree with rules<\/label><\/li><\/ul><\/div><div id=\"wpforms-4275-field_27-container\" class=\"wpforms-field wpforms-field-checkbox\" data-field-id=\"27\"><label class=\"wpforms-field-label\">M\u00fcqavil\u0259nin qaydas\u0131 4: Ofis d\u0259rsl\u0259rind\u0259 i\u015ftirak etdiyiniz zaman maska taxmal\u0131, gigiyena v\u0259 t\u0259hl\u00fck\u0259sizlik qaydalar\u0131na  riay\u0259t etm\u0259lisiniz \/ Contract rule 4: While participating in our office classes, you must wear a mask and follow the rules of safety and hygiene \/ <span class=\"wpforms-required-label\">*<\/span><\/label><ul id=\"wpforms-4275-field_27\" class=\"wpforms-field-required\"><li class=\"choice-1 depth-1\"><input type=\"checkbox\" id=\"wpforms-4275-field_27_1\" name=\"wpforms[fields][27][]\" value=\"Oxudum v\u0259 qaydalarla raz\u0131yam \/  I have read and agree with rules\" required><label class=\"wpforms-field-label-inline\" for=\"wpforms-4275-field_27_1\">Oxudum v\u0259 qaydalarla raz\u0131yam \/  I have read and agree with rules<\/label><\/li><\/ul><\/div><div id=\"wpforms-4275-field_28-container\" class=\"wpforms-field wpforms-field-checkbox\" data-field-id=\"28\"><label class=\"wpforms-field-label\">M\u00fcqavil\u0259nin qaydas\u0131 5: Academstar T\u0259dris M\u0259rk\u0259zinin materiallar\u0131n\u0131 v\u0259 s\u0259n\u0259dl\u0259rini payla\u015fmamal\u0131, v\u0259 Az\u0259rbaycan Respublikas\u0131n\u0131n  Qanunvericiliyin\u0259 zidd bir h\u0259r\u0259k\u0259t etm\u0259m\u0259lisiniz, h\u0259r iki hal\u0131n h\u00fcquqi m\u0259suliyy\u0259tini anlay\u0131rs\u0131n\u0131z. \/ You must not  share Academstar`s materials and documents, and you must not break the legislation of the Azerbaijani Republic while being in our centre. <span class=\"wpforms-required-label\">*<\/span><\/label><ul id=\"wpforms-4275-field_28\" class=\"wpforms-field-required\"><li class=\"choice-1 depth-1\"><input type=\"checkbox\" id=\"wpforms-4275-field_28_1\" name=\"wpforms[fields][28][]\" value=\"Oxudum v\u0259 qaydalarla raz\u0131yam \/  I have read and agree with rules\" required><label class=\"wpforms-field-label-inline\" for=\"wpforms-4275-field_28_1\">Oxudum v\u0259 qaydalarla raz\u0131yam \/  I have read and agree with rules<\/label><\/li><\/ul><\/div><div id=\"wpforms-4275-field_30-container\" class=\"wpforms-field wpforms-field-checkbox\" data-field-id=\"30\"><label class=\"wpforms-field-label\">M\u00fcqavil\u0259nin qaydas\u0131 6: Imtahan n\u0259tic\u0259mi Academstar proqram\u0131n\u0131n v\u0259 materiallar\u0131n m\u00fc\u0259llifi Nicat Quliyev\u0259 v\u0259 ofis\u0259 bildirm\u0259liy\u0259m \/ I hereby confirm that I will provide the founder and author of Academstar`s program &#8211; Nijat Guliyev and the office &#8211; with my exam results <span class=\"wpforms-required-label\">*<\/span><\/label><ul id=\"wpforms-4275-field_30\" class=\"wpforms-field-required\"><li class=\"choice-1 depth-1\"><input type=\"checkbox\" id=\"wpforms-4275-field_30_1\" name=\"wpforms[fields][30][]\" value=\"Oxudum v\u0259 qaydalarla raz\u0131yam \/  I have read and agree with rules\" required><label class=\"wpforms-field-label-inline\" for=\"wpforms-4275-field_30_1\">Oxudum v\u0259 qaydalarla raz\u0131yam \/  I have read and agree with rules<\/label><\/li><\/ul><\/div><div id=\"wpforms-4275-field_31-container\" class=\"wpforms-field wpforms-field-checkbox\" data-field-id=\"31\"><label class=\"wpforms-field-label\">M\u00fcqavil\u0259nin qaydas\u0131 7: M\u0259n qrupda v\u0259 t\u0259dris m\u0259rk\u0259zind\u0259 he\u00e7 bir ictimai asai\u015fi v\u0259 fikir yay\u0131nd\u0131r\u0131c\u0131 he\u00e7 bir add\u0131m atmayaca\u011fam. \/ Contract rule 7: I hereby confirm that I will not violate the order and rules of the group and will not distract the attention of other members.  <span class=\"wpforms-required-label\">*<\/span><\/label><ul id=\"wpforms-4275-field_31\" class=\"wpforms-field-required\"><li class=\"choice-1 depth-1\"><input type=\"checkbox\" id=\"wpforms-4275-field_31_1\" name=\"wpforms[fields][31][]\" value=\"Oxudum v\u0259 qaydalarla raz\u0131yam \/  I have read and agree with rules\" required><label class=\"wpforms-field-label-inline\" for=\"wpforms-4275-field_31_1\">Oxudum v\u0259 qaydalarla raz\u0131yam \/  I have read and agree with rules<\/label><\/li><\/ul><\/div><div id=\"wpforms-4275-field_29-container\" class=\"wpforms-field wpforms-field-text\" data-field-id=\"29\"><label class=\"wpforms-field-label\" for=\"wpforms-4275-field_29\">Qaydalar\u0131 bir daha oxudum, ad soyad\u0131m\u0131 qeyd  ed\u0259r\u0259k imzam\u0131 at\u0131ram v\u0259 bununla bu m\u00fcqavil\u0259y\u0259 h\u00fcquqi q\u00fcvv\u0259y\u0259 minir \/ I have read all rules again and place my signature in the form of my name and surname and thereby this contract comes into legal force <span class=\"wpforms-required-label\">*<\/span><\/label><input type=\"text\" id=\"wpforms-4275-field_29\" class=\"wpforms-field-medium wpforms-field-required\" name=\"wpforms[fields][29]\" required><\/div><\/div><!-- .wpforms-field-container --><div class=\"wpforms-submit-container\" ><input type=\"hidden\" name=\"wpforms[id]\" value=\"4275\"><input type=\"hidden\" name=\"page_title\" value=\"\"><input type=\"hidden\" name=\"page_url\" value=\"https:\/\/academstar.com\/az\/wp-json\/wp\/v2\/pages\/4276\"><input type=\"hidden\" name=\"url_referer\" value=\"\"><button type=\"submit\" name=\"wpforms[submit]\" id=\"wpforms-submit-4275\" class=\"wpforms-submit\" data-alt-text=\"Sending...\" data-submit-text=\"Submit\" aria-live=\"assertive\" value=\"wpforms-submit\">T\u0259sdiql\u0259<\/button><img decoding=\"async\" src=\"https:\/\/academstar.com\/wp-content\/plugins\/wpforms\/assets\/images\/submit-spin.svg\" class=\"wpforms-submit-spinner\" style=\"display: none;\" width=\"26\" height=\"26\" alt=\"Loading\"><\/div><input type=\"hidden\" name=\"trp-form-language\" value=\"az\"\/><\/form><\/div>  <!-- .wpforms-container -->","protected":false},"excerpt":{"rendered":"","protected":false},"author":1,"featured_media":0,"parent":0,"menu_order":0,"comment_status":"closed","ping_status":"closed","template":"","meta":{"om_disable_all_campaigns":false,"_monsterinsights_skip_tracking":false,"_monsterinsights_sitenote_active":false,"_monsterinsights_sitenote_note":"","_monsterinsights_sitenote_category":0,"spay_email":"","footnotes":""},"class_list":["post-4276","page","type-page","status-publish","hentry"],"aioseo_notices":[],"yoast_head":"<!-- This site is optimized with the Yoast SEO plugin v18.0 - https:\/\/yoast.com\/wordpress\/plugins\/seo\/ -->\n<title>Student Contract Form - Academstar<\/title>\n<meta name=\"description\" content=\"Academstar Training Centre provides high-quality courses on IELTS, GMAT, GRE, SAT, TOEFL and General English.Our success rate is 95 %. Join us!\" \/>\n<meta name=\"robots\" content=\"index, follow, max-snippet:-1, max-image-preview:large, max-video-preview:-1\" \/>\n<link rel=\"canonical\" href=\"https:\/\/academstar.com\/az\/student-contract-form\/\" \/>\n<meta property=\"og:locale\" content=\"az_AZ\" \/>\n<meta property=\"og:type\" content=\"article\" \/>\n<meta property=\"og:title\" content=\"Student Contract Form - Academstar\" \/>\n<meta property=\"og:description\" content=\"Academstar Training Centre provides high-quality courses on IELTS, GMAT, GRE, SAT, TOEFL and General English.Our success rate is 95 %. Join us!\" \/>\n<meta property=\"og:url\" content=\"https:\/\/academstar.com\/az\/student-contract-form\/\" \/>\n<meta property=\"og:site_name\" content=\"Academstar\" \/>\n<meta property=\"article:modified_time\" content=\"2021-10-29T20:04:18+00:00\" \/>\n<meta name=\"twitter:card\" content=\"summary_large_image\" \/>\n<script type=\"application\/ld+json\" class=\"yoast-schema-graph\">{\"@context\":\"https:\/\/schema.org\",\"@graph\":[{\"@type\":\"Organization\",\"@id\":\"https:\/\/academstar.com\/#organization\",\"name\":\"Academstar\",\"url\":\"https:\/\/academstar.com\/\",\"sameAs\":[],\"logo\":{\"@type\":\"ImageObject\",\"@id\":\"https:\/\/academstar.com\/#logo\",\"inLanguage\":\"az\",\"url\":\"https:\/\/i1.wp.com\/academstar.com\/wp-content\/uploads\/2021\/05\/cropped-48894167_103096714098837_1586699376003121152_n.jpg?fit=512%2C512&ssl=1\",\"contentUrl\":\"https:\/\/i1.wp.com\/academstar.com\/wp-content\/uploads\/2021\/05\/cropped-48894167_103096714098837_1586699376003121152_n.jpg?fit=512%2C512&ssl=1\",\"width\":512,\"height\":512,\"caption\":\"Academstar\"},\"image\":{\"@id\":\"https:\/\/academstar.com\/#logo\"}},{\"@type\":\"WebSite\",\"@id\":\"https:\/\/academstar.com\/#website\",\"url\":\"https:\/\/academstar.com\/\",\"name\":\"Academstar\",\"description\":\"Educational Platform\",\"publisher\":{\"@id\":\"https:\/\/academstar.com\/#organization\"},\"potentialAction\":[{\"@type\":\"SearchAction\",\"target\":{\"@type\":\"EntryPoint\",\"urlTemplate\":\"https:\/\/academstar.com\/?s={search_term_string}\"},\"query-input\":\"required name=search_term_string\"}],\"inLanguage\":\"az\"},{\"@type\":\"WebPage\",\"@id\":\"https:\/\/academstar.com\/student-contract-form\/#webpage\",\"url\":\"https:\/\/academstar.com\/student-contract-form\/\",\"name\":\"Student Contract Form - Academstar\",\"isPartOf\":{\"@id\":\"https:\/\/academstar.com\/#website\"},\"datePublished\":\"2021-10-29T20:04:12+00:00\",\"dateModified\":\"2021-10-29T20:04:18+00:00\",\"description\":\"Academstar Training Centre provides high-quality courses on IELTS, GMAT, GRE, SAT, TOEFL and General English.Our success rate is 95 %. Join us!\",\"breadcrumb\":{\"@id\":\"https:\/\/academstar.com\/student-contract-form\/#breadcrumb\"},\"inLanguage\":\"az\",\"potentialAction\":[{\"@type\":\"ReadAction\",\"target\":[\"https:\/\/academstar.com\/student-contract-form\/\"]}]},{\"@type\":\"BreadcrumbList\",\"@id\":\"https:\/\/academstar.com\/student-contract-form\/#breadcrumb\",\"itemListElement\":[{\"@type\":\"ListItem\",\"position\":1,\"name\":\"Home\",\"item\":\"https:\/\/academstar.com\/\"},{\"@type\":\"ListItem\",\"position\":2,\"name\":\"Student Contract Form\"}]}]}<\/script>\n<!-- \/ Yoast SEO plugin. -->","yoast_head_json":{"title":"Student Contract Form - Academstar","description":"Academstar Training Centre provides high-quality courses on IELTS, GMAT, GRE, SAT, TOEFL and General English.Our success rate is 95 %. Join us!","robots":{"index":"index","follow":"follow","max-snippet":"max-snippet:-1","max-image-preview":"max-image-preview:large","max-video-preview":"max-video-preview:-1"},"canonical":"https:\/\/academstar.com\/az\/student-contract-form\/","og_locale":"az_AZ","og_type":"article","og_title":"Student Contract Form - Academstar","og_description":"Academstar Training Centre provides high-quality courses on IELTS, GMAT, GRE, SAT, TOEFL and General English.Our success rate is 95 %. Join us!","og_url":"https:\/\/academstar.com\/az\/student-contract-form\/","og_site_name":"Academstar","article_modified_time":"2021-10-29T20:04:18+00:00","twitter_card":"summary_large_image","schema":{"@context":"https:\/\/schema.org","@graph":[{"@type":"Organization","@id":"https:\/\/academstar.com\/#organization","name":"Academstar","url":"https:\/\/academstar.com\/","sameAs":[],"logo":{"@type":"ImageObject","@id":"https:\/\/academstar.com\/#logo","inLanguage":"az","url":"https:\/\/i1.wp.com\/academstar.com\/wp-content\/uploads\/2021\/05\/cropped-48894167_103096714098837_1586699376003121152_n.jpg?fit=512%2C512&ssl=1","contentUrl":"https:\/\/i1.wp.com\/academstar.com\/wp-content\/uploads\/2021\/05\/cropped-48894167_103096714098837_1586699376003121152_n.jpg?fit=512%2C512&ssl=1","width":512,"height":512,"caption":"Academstar"},"image":{"@id":"https:\/\/academstar.com\/#logo"}},{"@type":"WebSite","@id":"https:\/\/academstar.com\/#website","url":"https:\/\/academstar.com\/","name":"Academstar","description":"Educational Platform","publisher":{"@id":"https:\/\/academstar.com\/#organization"},"potentialAction":[{"@type":"SearchAction","target":{"@type":"EntryPoint","urlTemplate":"https:\/\/academstar.com\/?s={search_term_string}"},"query-input":"required name=search_term_string"}],"inLanguage":"az"},{"@type":"WebPage","@id":"https:\/\/academstar.com\/student-contract-form\/#webpage","url":"https:\/\/academstar.com\/student-contract-form\/","name":"Student Contract Form - Academstar","isPartOf":{"@id":"https:\/\/academstar.com\/#website"},"datePublished":"2021-10-29T20:04:12+00:00","dateModified":"2021-10-29T20:04:18+00:00","description":"Academstar Training Centre provides high-quality courses on IELTS, GMAT, GRE, SAT, TOEFL and General English.Our success rate is 95 %. Join us!","breadcrumb":{"@id":"https:\/\/academstar.com\/student-contract-form\/#breadcrumb"},"inLanguage":"az","potentialAction":[{"@type":"ReadAction","target":["https:\/\/academstar.com\/student-contract-form\/"]}]},{"@type":"BreadcrumbList","@id":"https:\/\/academstar.com\/student-contract-form\/#breadcrumb","itemListElement":[{"@type":"ListItem","position":1,"name":"Home","item":"https:\/\/academstar.com\/"},{"@type":"ListItem","position":2,"name":"Student Contract Form"}]}]}},"_links":{"self":[{"href":"https:\/\/academstar.com\/az\/wp-json\/wp\/v2\/pages\/4276","targetHints":{"allow":["GET"]}}],"collection":[{"href":"https:\/\/academstar.com\/az\/wp-json\/wp\/v2\/pages"}],"about":[{"href":"https:\/\/academstar.com\/az\/wp-json\/wp\/v2\/types\/page"}],"author":[{"embeddable":true,"href":"https:\/\/academstar.com\/az\/wp-json\/wp\/v2\/users\/1"}],"replies":[{"embeddable":true,"href":"https:\/\/academstar.com\/az\/wp-json\/wp\/v2\/comments?post=4276"}],"version-history":[{"count":1,"href":"https:\/\/academstar.com\/az\/wp-json\/wp\/v2\/pages\/4276\/revisions"}],"predecessor-version":[{"id":4277,"href":"https:\/\/academstar.com\/az\/wp-json\/wp\/v2\/pages\/4276\/revisions\/4277"}],"wp:attachment":[{"href":"https:\/\/academstar.com\/az\/wp-json\/wp\/v2\/media?parent=4276"}],"curies":[{"name":"wp","href":"https:\/\/api.w.org\/{rel}","templated":true}]}}