{"id":5981,"date":"2021-11-27T13:22:26","date_gmt":"2021-11-27T13:22:26","guid":{"rendered":"https:\/\/academstar.com\/?page_id=5981"},"modified":"2021-11-27T13:22:30","modified_gmt":"2021-11-27T13:22:30","slug":"worker-002","status":"publish","type":"page","link":"https:\/\/academstar.com\/az\/worker-002\/","title":{"rendered":"Worker 002"},"content":{"rendered":"<p>  <strong><span style=\"text-decoration: underline;\">\u00dcmumi m\u0259lumatlar<\/span><\/strong><\/p>\n\n\n\n<div class=\"wp-block-columns is-layout-flex wp-container-core-columns-is-layout-2 wp-block-columns-is-layout-flex\">\n<div class=\"wp-block-column is-layout-flow wp-block-column-is-layout-flow\" style=\"flex-basis:100%\">\n<div class=\"wp-block-columns is-layout-flex wp-container-core-columns-is-layout-1 wp-block-columns-is-layout-flex\">\n<div class=\"wp-block-column is-layout-flow wp-block-column-is-layout-flow\" style=\"flex-basis:100%\">\n<div class=\"wp-block-group\"><div class=\"wp-block-group__inner-container is-layout-flow wp-block-group-is-layout-flow\">\n<figure class=\"wp-block-table is-style-regular\"><table><tbody><tr><td><strong>\u018fm\u0259kda\u015f\u0131n soyad\u0131, ad\u0131 v\u0259 atas\u0131n\u0131n ad\u0131<\/strong><\/td><td>Nubar Mammadova<\/td><\/tr><tr><td><strong>Do\u011fum tarixi<\/strong><\/td><td><\/td><\/tr><tr><td><strong>V\u0259zif\u0259si<\/strong><\/td><td>T\u0259dris M\u0259rk\u0259zinin Administratoru<br>HR Departamentinin r\u0259hb\u0259ri<\/td><\/tr><tr><td><strong>Departamenti<\/strong><\/td><td>HR v\u0259 Ofis \u0130nzibat\u00e7\u0131l\u0131\u011f\u0131<\/td><\/tr><tr><td><strong>Bilavasit\u0259 r\u0259hb\u0259ri<\/strong><\/td><td>Samir\u0259 Quliyeva<\/td><\/tr><tr><td><strong>M\u00fcqavil\u0259nin tipi<\/strong><\/td><td>\u018fm\u0259k m\u00fcqavil\u0259si<\/td><\/tr><tr><td><strong>\u018flaq\u0259 n\u00f6mr\u0259si<\/strong><\/td><td>+ 994 50 997 95 81<\/td><\/tr><tr><td><strong>Elektron \u00fcnvan\u0131<\/strong><\/td><td>nubar@academstar.com<\/td><\/tr><tr><td><strong>\u018fm\u0259k m\u00fcnasib\u0259tl\u0259rinin ba\u015flama tarixi<\/strong><\/td><td>25 iyun 2019 (t\u0259cr\u00fcb\u0259 m\u00fcqavil\u0259si)<br>1 Sentyabr 2020 (\u0259m\u0259k m\u00fcqavil\u0259si)<\/td><\/tr><\/tbody><\/table><\/figure>\n<\/div><\/div>\n<\/div>\n<\/div>\n<\/div>\n<\/div>\n\n\n\n<hr class=\"wp-block-separator\"\/>\n\n\n\n<p><strong><span style=\"text-decoration: underline;\">Qiym\u0259tl\u0259ndirm\u0259<\/span><\/strong><\/p>\n\n\n\n<figure class=\"wp-block-table is-style-regular\"><table><tbody><tr><td><strong>Meyarlar<\/strong><\/td><td><strong>Qiym\u0259tl\u0259ndirm\u0259 (5 ball\u0131q sisteml\u0259 &#8211; oktyabr ay\u0131)<\/strong><\/td><\/tr><tr><td><strong>\u0130\u015fin keyfiyy\u0259ti<\/strong><\/td><td>5<\/td><\/tr><tr><td><strong>Nizam-intizam qaydalar\u0131na riay\u0259t<\/strong><\/td><td>5<\/td><\/tr><tr><td><strong>M\u0259suliyy\u0259t<\/strong><\/td><td>5<\/td><\/tr><tr><td><strong>Etik davran\u0131\u015f<\/strong><\/td><td>5<\/td><\/tr><tr><td><strong>Sadiqlik (sosial aktivlik v\u0259 d\u00fcr\u00fcstl\u00fck)<\/strong><\/td><td>5<\/td><\/tr><\/tbody><\/table><\/figure>\n\n\n\n<hr class=\"wp-block-separator\"\/>\n\n\n\n<p><strong><span style=\"text-decoration: underline;\">Son attestasiya n\u0259tic\u0259si<\/span><\/strong><\/p>\n\n\n\n<figure class=\"wp-block-table is-style-regular\"><table><tbody><tr><td><strong>29 Oktyabr 2021<\/strong><\/td><td>\u018fm\u0259kda\u015flar\u0131n yekun illik attestasiyas\u0131<\/td><td><strong>ke\u00e7di (5)<\/strong><\/td><\/tr><\/tbody><\/table><\/figure>\n\n\n\n<hr class=\"wp-block-separator\"\/>\n\n\n\n<p><strong><span style=\"text-decoration: underline;\">X\u0259b\u0259rdarl\u0131qlar v\u0259 t\u0259\u015f\u0259kk\u00fcrnam\u0259l\u0259r<\/span><\/strong><\/p>\n\n\n\n<figure class=\"wp-block-table is-style-regular\"><table><tbody><tr><td><strong>Tarix<\/strong><\/td><td><strong>X\u0259b\u0259rdarl\u0131qlar<\/strong><\/td><td><strong>T\u0259\u015f\u0259kk\u00fcrnam\u0259l\u0259r<\/strong><\/td><\/tr><tr><td>\u0130yul 2021<\/td><td>&#8211;<\/td><td>&#8211;<\/td><\/tr><tr><td>Avqust 2021<\/td><td>&#8211;<\/td><td>Yeni ERP sistemi yaratd\u0131\u011f\u0131 \u00fc\u00e7\u00fcn t\u0259\u015f\u0259kk\u00fcrnam\u0259<\/td><\/tr><tr><td>Sentyabr 2021<\/td><td>&#8211;<\/td><td>&#8211;<\/td><\/tr><tr><td>Oktyabr 2021<\/td><td>&#8211;<\/td><td>Optimal idar\u0259etm\u0259 yaratd\u0131\u011f\u0131 \u00fc\u00e7\u00fcn t\u0259\u015f\u0259kk\u00fcrnam\u0259<\/td><\/tr><\/tbody><\/table><\/figure>\n\n\n\n<hr class=\"wp-block-separator\"\/>\n\n\n\n<p><strong>Maa\u015f hesablanmas\u0131<\/strong><\/p>\n\n\n\n<figure class=\"wp-block-table\"><table><tbody><tr><td><strong>Ay<\/strong><\/td><td><strong>Hesablanm\u0131\u015f maas<\/strong><\/td><td><strong>Bonus<\/strong><\/td><td><strong>Sanksiya<\/strong><\/td><td><strong>Vergi<\/strong><\/td><td><strong>Yekun maa\u015f<\/strong><\/td><\/tr><tr><td>Oktyabr 2021<\/td><td><\/td><td><\/td><td><\/td><td><\/td><td><\/td><\/tr><\/tbody><\/table><figcaption>Qeydl\u0259r: i\u015f\u0259 v\u0259 attestasiyan\u0131n n\u0259tic\u0259sin\u0259 g\u00f6r\u0259 al\u0131nm\u0131\u015fd\u0131r.<\/figcaption><\/figure>\n\n\n\n<p>Maa\u015f\u0131 art\u0131rmaq \u00fc\u00e7\u00fcn t\u00f6vsiy\u0259l\u0259r: sah\u0259 \u00fczr\u0259 sertifikatlar almaq, \u0259m\u0259k staj\u0131n\u0131z\u0131n art\u0131m\u0131, \u0259lav\u0259 tap\u015f\u0131r\u0131qlar yerin\u0259 yetirm\u0259k<\/p>\n\n\n\n<hr class=\"wp-block-separator\"\/>\n\n\n\n<p><strong>Hesabatlar v\u0259 m\u00fcraci\u0259t formalar\u0131:<\/strong><\/p>\n\n\n\n<p><a href=\"https:\/\/academstar.com\/az\/workers-monthly-reporting-form\/\" target=\"_blank\" rel=\"noreferrer noopener\">\u018fm\u0259kda\u015flar\u0131n ayl\u0131q formas\u0131<\/a> &#8211; H\u0259r n\u00f6vb\u0259ti ay\u0131n 2-si saat 15:00d\u0259k g\u00f6nd\u0259rm\u0259lisiniz (noyabr hesabat\u0131 dekabr\u0131n 2d\u0259k edilm\u0259lidir)<\/p>\n\n\n\n<p>S\u0259n\u0259dl\u0259rinizi bura <a href=\"https:\/\/academstar.com\/az\/worker-document-form\/\">y\u00fckl\u0259yin<\/a> (\u015e\u0259xsiyy\u0259t v\u0259siq\u0259si, Diplom v\u0259 ya t\u0259hsil aray\u0131\u015f\u0131, 3&#215;4 foto\u015f\u0259kil, COVID-19 pasportu).<\/p>\n\n\n\n<p>M\u0259zuniyy\u0259t, t\u0259klifl\u0259r, i\u015f v\u0259zif\u0259sini d\u0259yi\u015fm\u0259k v\u0259 t\u0259rk etm\u0259k \u00fc\u00e7\u00fcn bu <a href=\"https:\/\/academstar.com\/az\/worker-document-form\/\" target=\"_blank\" rel=\"noreferrer noopener\">forman\u0131 doldurun.<\/a> Forma Az\u0259rbaycan dilind\u0259 doldurulmal\u0131d\u0131r.<\/p>\n\n\n\n<p>Siz\u0259 tap\u015f\u0131r\u0131lan i\u015f il\u0259 ba\u011fl\u0131 hesabat formas\u0131n\u0131 <a href=\"https:\/\/academstar.com\/az\/internal-reporting-form\/\" target=\"_blank\" rel=\"noreferrer noopener\">buradan doldurun.<\/a><\/p>\n\n\n\n<hr class=\"wp-block-separator\"\/>\n\n\n\n<p><strong><span style=\"text-decoration: underline;\">Qiym\u0259tl\u0259ndirm\u0259<\/span><\/strong><\/p>\n\n\n\n<figure class=\"wp-block-table is-style-regular\"><table><tbody><tr><td><strong>Meyarlar<\/strong><\/td><td><strong>Qiym\u0259tl\u0259ndirm\u0259 (5 ball\u0131q sisteml\u0259 &#8211; oktyabr ay\u0131)<\/strong><\/td><\/tr><tr><td><strong>\u0130\u015fin keyfiyy\u0259ti<\/strong><\/td><td>5<\/td><\/tr><tr><td><strong>Nizam-intizam qaydalar\u0131na riay\u0259t<\/strong><\/td><td>5<\/td><\/tr><tr><td><strong>M\u0259suliyy\u0259t<\/strong><\/td><td>5<\/td><\/tr><tr><td><strong>Etik davran\u0131\u015f<\/strong><\/td><td>5<\/td><\/tr><tr><td><strong>Sadiqlik (sosial aktivlik v\u0259 d\u00fcr\u00fcstl\u00fck)<\/strong><\/td><td>5<\/td><\/tr><\/tbody><\/table><\/figure>\n\n\n\n<hr class=\"wp-block-separator\"\/>\n\n\n\n<p><strong><span style=\"text-decoration: underline;\">Son attestasiya n\u0259tic\u0259si<\/span><\/strong><\/p>\n\n\n\n<figure class=\"wp-block-table is-style-regular\"><table><tbody><tr><td><strong>29 Oktyabr 2021<\/strong><\/td><td>\u018fm\u0259kda\u015flar\u0131n yekun illik attestasiyas\u0131<\/td><td><strong>ke\u00e7di (5)<\/strong><\/td><\/tr><\/tbody><\/table><\/figure>\n\n\n\n<hr class=\"wp-block-separator\"\/>\n\n\n\n<p><strong><span style=\"text-decoration: underline;\">X\u0259b\u0259rdarl\u0131qlar v\u0259 t\u0259\u015f\u0259kk\u00fcrnam\u0259l\u0259r<\/span><\/strong><\/p>\n\n\n\n<figure class=\"wp-block-table is-style-regular\"><table><tbody><tr><td><strong>Tarix<\/strong><\/td><td><strong>X\u0259b\u0259rdarl\u0131qlar<\/strong><\/td><td><strong>T\u0259\u015f\u0259kk\u00fcrnam\u0259l\u0259r<\/strong><\/td><\/tr><tr><td>\u0130yul 2021<\/td><td>&#8211;<\/td><td>&#8211;<\/td><\/tr><tr><td>Avqust 2021<\/td><td>&#8211;<\/td><td>&#8211;<\/td><\/tr><tr><td>Sentyabr 2021<\/td><td>&#8211;<\/td><td>Keyfiyy\u0259tli i\u015fin g\u00f6r\u00fclm\u0259sin\u0259 g\u00f6r\u0259<\/td><\/tr><tr><td>Oktyabr 2021<\/td><td>&#8211;<\/td><td>Keyfiyy\u0259tli i\u015fin g\u00f6r\u00fclm\u0259sin\u0259 g\u00f6r\u0259<\/td><\/tr><\/tbody><\/table><\/figure>\n\n\n\n<hr class=\"wp-block-separator\"\/>\n\n\n\n<p><\/p>\n\n\n\n<p><strong>Maa\u015f hesablanmas\u0131<\/strong><\/p>\n\n\n\n<figure class=\"wp-block-table\"><table><tbody><tr><td><strong>Ay<\/strong><\/td><td><strong>Hesablanm\u0131\u015f maas<\/strong><\/td><td><strong>Bonus<\/strong><\/td><td><strong>Sanksiya<\/strong><\/td><td><strong>Vergi<\/strong><\/td><td><strong>Yekun maa\u015f<\/strong><\/td><\/tr><tr><td>Oktyabr 2021<\/td><td><\/td><td><\/td><td><\/td><td><\/td><td><\/td><\/tr><\/tbody><\/table><figcaption>Qeydl\u0259r: i\u015f\u0259 v\u0259 attestasiyan\u0131n n\u0259tic\u0259sin\u0259 g\u00f6r\u0259 al\u0131nm\u0131\u015fd\u0131r.<\/figcaption><\/figure>\n\n\n\n<p>Maa\u015f\u0131 art\u0131rmaq \u00fc\u00e7\u00fcn t\u00f6vsiy\u0259l\u0259r: sah\u0259 \u00fczr\u0259 sertifikatlar almaq, \u0259m\u0259k staj\u0131n\u0131z\u0131n art\u0131m\u0131, \u0259lav\u0259 tap\u015f\u0131r\u0131qlar yerin\u0259 yetirm\u0259k<\/p>\n\n\n\n<hr class=\"wp-block-separator\"\/>\n\n\n\n<p><strong>Hesabatlar v\u0259 m\u00fcraci\u0259t formalar\u0131:<\/strong><\/p>\n\n\n\n<p><a href=\"https:\/\/academstar.com\/az\/workers-monthly-reporting-form\/\" target=\"_blank\" rel=\"noreferrer noopener\">\u018fm\u0259kda\u015flar\u0131n ayl\u0131q formas\u0131<\/a> &#8211; H\u0259r n\u00f6vb\u0259ti ay\u0131n 2-si saat 15:00d\u0259k g\u00f6nd\u0259rm\u0259lisiniz (noyabr hesabat\u0131 dekabr\u0131n 2d\u0259k edilm\u0259lidir)<\/p>\n\n\n\n<p>S\u0259n\u0259dl\u0259rinizi bura <a href=\"https:\/\/academstar.com\/az\/worker-document-form\/\">y\u00fckl\u0259yin<\/a> (\u015e\u0259xsiyy\u0259t v\u0259siq\u0259si, Diplom v\u0259 ya t\u0259hsil aray\u0131\u015f\u0131, 3&#215;4 foto\u015f\u0259kil, COVID-19 pasportu).<\/p>\n\n\n\n<p>M\u0259zuniyy\u0259t, t\u0259klifl\u0259r, i\u015f v\u0259zif\u0259sini d\u0259yi\u015fm\u0259k v\u0259 t\u0259rk etm\u0259k \u00fc\u00e7\u00fcn bu <a href=\"https:\/\/academstar.com\/az\/worker-document-form\/\" target=\"_blank\" rel=\"noreferrer noopener\">forman\u0131 doldurun.<\/a> Forma Az\u0259rbaycan dilind\u0259 doldurulmal\u0131d\u0131r.<\/p>\n\n\n\n<p>Siz\u0259 tap\u015f\u0131r\u0131lan i\u015f il\u0259 ba\u011fl\u0131 hesabat formas\u0131n\u0131 <a href=\"https:\/\/academstar.com\/az\/internal-reporting-form\/\" target=\"_blank\" rel=\"noreferrer noopener\">buradan doldurun.<\/a><\/p>","protected":false},"excerpt":{"rendered":"<p>\u00dcmumi m\u0259lumatlar \u018fm\u0259kda\u015f\u0131n soyad\u0131, ad\u0131 v\u0259 atas\u0131n\u0131n ad\u0131 Nubar Mammadova Do\u011fum tarixi V\u0259zif\u0259si T\u0259dris M\u0259rk\u0259zinin AdministratoruHR Departamentinin r\u0259hb\u0259ri Departamenti HR v\u0259 Ofis \u0130nzibat\u00e7\u0131l\u0131\u011f\u0131 Bilavasit\u0259 r\u0259hb\u0259ri Samir\u0259 Quliyeva M\u00fcqavil\u0259nin tipi \u018fm\u0259k m\u00fcqavil\u0259si \u018flaq\u0259 n\u00f6mr\u0259si + 994 50 997 95 81 Elektron \u00fcnvan\u0131 nubar@academstar.com \u018fm\u0259k m\u00fcnasib\u0259tl\u0259rinin ba\u015flama tarixi 25 iyun 2019 (t\u0259cr\u00fcb\u0259 m\u00fcqavil\u0259si)1 Sentyabr 2020 (\u0259m\u0259k m\u00fcqavil\u0259si) [&hellip;]<\/p>","protected":false},"author":1,"featured_media":0,"parent":0,"menu_order":0,"comment_status":"closed","ping_status":"closed","template":"","meta":{"om_disable_all_campaigns":false,"_monsterinsights_skip_tracking":false,"_monsterinsights_sitenote_active":false,"_monsterinsights_sitenote_note":"","_monsterinsights_sitenote_category":0,"spay_email":"","footnotes":""},"class_list":["post-5981","page","type-page","status-publish","hentry"],"aioseo_notices":[],"yoast_head":"<!-- This site is optimized with the Yoast SEO plugin v18.0 - https:\/\/yoast.com\/wordpress\/plugins\/seo\/ -->\n<title>Worker 002 - Academstar<\/title>\n<meta name=\"description\" content=\"Academstar Training Centre provides high-quality courses on IELTS, GMAT, GRE, SAT, TOEFL and General English.Our success rate is 95 %. Join us!\" \/>\n<meta name=\"robots\" content=\"index, follow, max-snippet:-1, max-image-preview:large, max-video-preview:-1\" \/>\n<link rel=\"canonical\" href=\"https:\/\/academstar.com\/az\/worker-002\/\" \/>\n<meta property=\"og:locale\" content=\"az_AZ\" \/>\n<meta property=\"og:type\" content=\"article\" \/>\n<meta property=\"og:title\" content=\"Worker 002 - Academstar\" \/>\n<meta property=\"og:description\" content=\"Academstar Training Centre provides high-quality courses on IELTS, GMAT, GRE, SAT, TOEFL and General English.Our success rate is 95 %. Join us!\" \/>\n<meta property=\"og:url\" content=\"https:\/\/academstar.com\/az\/worker-002\/\" \/>\n<meta property=\"og:site_name\" content=\"Academstar\" \/>\n<meta property=\"article:modified_time\" content=\"2021-11-27T13:22:30+00:00\" \/>\n<meta name=\"twitter:card\" content=\"summary_large_image\" \/>\n<meta name=\"twitter:label1\" content=\"Est. reading time\" \/>\n\t<meta name=\"twitter:data1\" content=\"2 minutes\" \/>\n<script type=\"application\/ld+json\" class=\"yoast-schema-graph\">{\"@context\":\"https:\/\/schema.org\",\"@graph\":[{\"@type\":\"Organization\",\"@id\":\"https:\/\/academstar.com\/#organization\",\"name\":\"Academstar\",\"url\":\"https:\/\/academstar.com\/\",\"sameAs\":[],\"logo\":{\"@type\":\"ImageObject\",\"@id\":\"https:\/\/academstar.com\/#logo\",\"inLanguage\":\"az\",\"url\":\"https:\/\/i1.wp.com\/academstar.com\/wp-content\/uploads\/2021\/05\/cropped-48894167_103096714098837_1586699376003121152_n.jpg?fit=512%2C512&ssl=1\",\"contentUrl\":\"https:\/\/i1.wp.com\/academstar.com\/wp-content\/uploads\/2021\/05\/cropped-48894167_103096714098837_1586699376003121152_n.jpg?fit=512%2C512&ssl=1\",\"width\":512,\"height\":512,\"caption\":\"Academstar\"},\"image\":{\"@id\":\"https:\/\/academstar.com\/#logo\"}},{\"@type\":\"WebSite\",\"@id\":\"https:\/\/academstar.com\/#website\",\"url\":\"https:\/\/academstar.com\/\",\"name\":\"Academstar\",\"description\":\"Educational Platform\",\"publisher\":{\"@id\":\"https:\/\/academstar.com\/#organization\"},\"potentialAction\":[{\"@type\":\"SearchAction\",\"target\":{\"@type\":\"EntryPoint\",\"urlTemplate\":\"https:\/\/academstar.com\/?s={search_term_string}\"},\"query-input\":\"required name=search_term_string\"}],\"inLanguage\":\"az\"},{\"@type\":\"WebPage\",\"@id\":\"https:\/\/academstar.com\/worker-002\/#webpage\",\"url\":\"https:\/\/academstar.com\/worker-002\/\",\"name\":\"Worker 002 - Academstar\",\"isPartOf\":{\"@id\":\"https:\/\/academstar.com\/#website\"},\"datePublished\":\"2021-11-27T13:22:26+00:00\",\"dateModified\":\"2021-11-27T13:22:30+00:00\",\"description\":\"Academstar Training Centre provides high-quality courses on IELTS, GMAT, GRE, SAT, TOEFL and General English.Our success rate is 95 %. Join us!\",\"breadcrumb\":{\"@id\":\"https:\/\/academstar.com\/worker-002\/#breadcrumb\"},\"inLanguage\":\"az\",\"potentialAction\":[{\"@type\":\"ReadAction\",\"target\":[\"https:\/\/academstar.com\/worker-002\/\"]}]},{\"@type\":\"BreadcrumbList\",\"@id\":\"https:\/\/academstar.com\/worker-002\/#breadcrumb\",\"itemListElement\":[{\"@type\":\"ListItem\",\"position\":1,\"name\":\"Home\",\"item\":\"https:\/\/academstar.com\/\"},{\"@type\":\"ListItem\",\"position\":2,\"name\":\"Worker 002\"}]}]}<\/script>\n<!-- \/ Yoast SEO plugin. -->","yoast_head_json":{"title":"Worker 002 - Academstar","description":"Academstar Training Centre provides high-quality courses on IELTS, GMAT, GRE, SAT, TOEFL and General English.Our success rate is 95 %. Join us!","robots":{"index":"index","follow":"follow","max-snippet":"max-snippet:-1","max-image-preview":"max-image-preview:large","max-video-preview":"max-video-preview:-1"},"canonical":"https:\/\/academstar.com\/az\/worker-002\/","og_locale":"az_AZ","og_type":"article","og_title":"Worker 002 - Academstar","og_description":"Academstar Training Centre provides high-quality courses on IELTS, GMAT, GRE, SAT, TOEFL and General English.Our success rate is 95 %. Join us!","og_url":"https:\/\/academstar.com\/az\/worker-002\/","og_site_name":"Academstar","article_modified_time":"2021-11-27T13:22:30+00:00","twitter_card":"summary_large_image","twitter_misc":{"Est. reading time":"2 minutes"},"schema":{"@context":"https:\/\/schema.org","@graph":[{"@type":"Organization","@id":"https:\/\/academstar.com\/#organization","name":"Academstar","url":"https:\/\/academstar.com\/","sameAs":[],"logo":{"@type":"ImageObject","@id":"https:\/\/academstar.com\/#logo","inLanguage":"az","url":"https:\/\/i1.wp.com\/academstar.com\/wp-content\/uploads\/2021\/05\/cropped-48894167_103096714098837_1586699376003121152_n.jpg?fit=512%2C512&ssl=1","contentUrl":"https:\/\/i1.wp.com\/academstar.com\/wp-content\/uploads\/2021\/05\/cropped-48894167_103096714098837_1586699376003121152_n.jpg?fit=512%2C512&ssl=1","width":512,"height":512,"caption":"Academstar"},"image":{"@id":"https:\/\/academstar.com\/#logo"}},{"@type":"WebSite","@id":"https:\/\/academstar.com\/#website","url":"https:\/\/academstar.com\/","name":"Academstar","description":"Educational Platform","publisher":{"@id":"https:\/\/academstar.com\/#organization"},"potentialAction":[{"@type":"SearchAction","target":{"@type":"EntryPoint","urlTemplate":"https:\/\/academstar.com\/?s={search_term_string}"},"query-input":"required name=search_term_string"}],"inLanguage":"az"},{"@type":"WebPage","@id":"https:\/\/academstar.com\/worker-002\/#webpage","url":"https:\/\/academstar.com\/worker-002\/","name":"Worker 002 - Academstar","isPartOf":{"@id":"https:\/\/academstar.com\/#website"},"datePublished":"2021-11-27T13:22:26+00:00","dateModified":"2021-11-27T13:22:30+00:00","description":"Academstar Training Centre provides high-quality courses on IELTS, GMAT, GRE, SAT, TOEFL and General English.Our success rate is 95 %. Join us!","breadcrumb":{"@id":"https:\/\/academstar.com\/worker-002\/#breadcrumb"},"inLanguage":"az","potentialAction":[{"@type":"ReadAction","target":["https:\/\/academstar.com\/worker-002\/"]}]},{"@type":"BreadcrumbList","@id":"https:\/\/academstar.com\/worker-002\/#breadcrumb","itemListElement":[{"@type":"ListItem","position":1,"name":"Home","item":"https:\/\/academstar.com\/"},{"@type":"ListItem","position":2,"name":"Worker 002"}]}]}},"_links":{"self":[{"href":"https:\/\/academstar.com\/az\/wp-json\/wp\/v2\/pages\/5981","targetHints":{"allow":["GET"]}}],"collection":[{"href":"https:\/\/academstar.com\/az\/wp-json\/wp\/v2\/pages"}],"about":[{"href":"https:\/\/academstar.com\/az\/wp-json\/wp\/v2\/types\/page"}],"author":[{"embeddable":true,"href":"https:\/\/academstar.com\/az\/wp-json\/wp\/v2\/users\/1"}],"replies":[{"embeddable":true,"href":"https:\/\/academstar.com\/az\/wp-json\/wp\/v2\/comments?post=5981"}],"version-history":[{"count":2,"href":"https:\/\/academstar.com\/az\/wp-json\/wp\/v2\/pages\/5981\/revisions"}],"predecessor-version":[{"id":6272,"href":"https:\/\/academstar.com\/az\/wp-json\/wp\/v2\/pages\/5981\/revisions\/6272"}],"wp:attachment":[{"href":"https:\/\/academstar.com\/az\/wp-json\/wp\/v2\/media?parent=5981"}],"curies":[{"name":"wp","href":"https:\/\/api.w.org\/{rel}","templated":true}]}}