{"id":8220,"date":"2022-02-24T00:07:21","date_gmt":"2022-02-24T00:07:21","guid":{"rendered":"https:\/\/academstar.com\/?page_id=8220"},"modified":"2022-02-24T00:07:26","modified_gmt":"2022-02-24T00:07:26","slug":"open-day-registration","status":"publish","type":"page","link":"https:\/\/academstar.com\/az\/open-day-registration\/","title":{"rendered":"Open Day Registration"},"content":{"rendered":"<div class=\"wpforms-container wpforms-container-full wpforms-block\" id=\"wpforms-8219\"><form id=\"wpforms-form-8219\" class=\"wpforms-validate wpforms-form wpforms-ajax-form\" data-formid=\"8219\" method=\"post\" enctype=\"multipart\/form-data\" action=\"\/az\/wp-json\/wp\/v2\/pages\/8220\" data-token=\"d3d05b1bd956950ee69f87a90b1c5e7c\" data-token-time=\"1776212643\" data-trp-original-action=\"\/az\/wp-json\/wp\/v2\/pages\/8220\"><noscript class=\"wpforms-error-noscript\">Please enable JavaScript in your browser to complete this form.<\/noscript><div class=\"wpforms-field-container\"><div id=\"wpforms-8219-field_1-container\" class=\"wpforms-field wpforms-field-name\" data-field-id=\"1\"><label class=\"wpforms-field-label\" for=\"wpforms-8219-field_1\">Ad\u0131n\u0131z v\u0259 soyad\u0131n\u0131z <span class=\"wpforms-required-label\">*<\/span><\/label><input type=\"text\" id=\"wpforms-8219-field_1\" class=\"wpforms-field-medium wpforms-field-required\" name=\"wpforms[fields][1]\" required><\/div><div id=\"wpforms-8219-field_2-container\" class=\"wpforms-field wpforms-field-email\" data-field-id=\"2\"><label class=\"wpforms-field-label\" for=\"wpforms-8219-field_2\">Elektron \u00fcnvan\u0131n\u0131z <span class=\"wpforms-required-label\">*<\/span><\/label><input type=\"email\" id=\"wpforms-8219-field_2\" class=\"wpforms-field-medium wpforms-field-required\" name=\"wpforms[fields][2]\" spellcheck=\"false\" required><\/div><div id=\"wpforms-8219-field_3-container\" class=\"wpforms-field wpforms-field-phone\" data-field-id=\"3\"><label class=\"wpforms-field-label\" for=\"wpforms-8219-field_3\">\u018flaq\u0259 n\u00f6mr\u0259niz <span class=\"wpforms-required-label\">*<\/span><\/label><input type=\"tel\" id=\"wpforms-8219-field_3\" class=\"wpforms-field-medium wpforms-field-required wpforms-smart-phone-field\" data-rule-smart-phone-field=\"true\" name=\"wpforms[fields][3]\" aria-label=\"\u018flaq\u0259 n\u00f6mr\u0259niz\" required><\/div><div id=\"wpforms-8219-field_4-container\" class=\"wpforms-field wpforms-field-textarea\" data-field-id=\"4\"><label class=\"wpforms-field-label\" for=\"wpforms-8219-field_4\">H\u0259r hans\u0131sa sual\u0131n\u0131z v\u0259 ya m\u00fczakir\u0259sini aparmaq ist\u0259diyiniz m\u00f6vzu varsa, z\u0259hm\u0259t olmasa qeyd edin:<\/label><textarea id=\"wpforms-8219-field_4\" class=\"wpforms-field-medium\" name=\"wpforms[fields][4]\" ><\/textarea><\/div><div id=\"wpforms-8219-field_5-container\" class=\"wpforms-field wpforms-field-checkbox\" data-field-id=\"5\"><label class=\"wpforms-field-label\">Open Day Facebook sosial \u015f\u0259b\u0259k\u0259sind\u0259ki Academstar Education qrupunda olacaq. Link t\u0259sdiq formas\u0131ndan sonra siz\u0259 veril\u0259c\u0259k.<\/label><ul id=\"wpforms-8219-field_5\"><li class=\"choice-1 depth-1\"><input type=\"checkbox\" id=\"wpforms-8219-field_5_1\" name=\"wpforms[fields][5][]\" value=\"Ba\u015fa d\u00fc\u015fd\u00fcm\"  ><label class=\"wpforms-field-label-inline\" for=\"wpforms-8219-field_5_1\">Ba\u015fa d\u00fc\u015fd\u00fcm<\/label><\/li><\/ul><\/div><\/div><!-- .wpforms-field-container --><div class=\"wpforms-submit-container\" ><input type=\"hidden\" name=\"wpforms[id]\" value=\"8219\"><input type=\"hidden\" name=\"page_title\" value=\"\"><input type=\"hidden\" name=\"page_url\" value=\"https:\/\/academstar.com\/az\/wp-json\/wp\/v2\/pages\/8220\"><input type=\"hidden\" name=\"url_referer\" value=\"\"><button type=\"submit\" name=\"wpforms[submit]\" id=\"wpforms-submit-8219\" class=\"wpforms-submit\" data-alt-text=\"Sending...\" data-submit-text=\"Submit\" aria-live=\"assertive\" value=\"wpforms-submit\">T\u0259sdiql\u0259<\/button><img decoding=\"async\" src=\"https:\/\/academstar.com\/wp-content\/plugins\/wpforms\/assets\/images\/submit-spin.svg\" class=\"wpforms-submit-spinner\" style=\"display: none;\" width=\"26\" height=\"26\" alt=\"Loading\"><\/div><input type=\"hidden\" name=\"trp-form-language\" value=\"az\"\/><\/form><\/div>  <!-- .wpforms-container -->","protected":false},"excerpt":{"rendered":"","protected":false},"author":1,"featured_media":0,"parent":0,"menu_order":0,"comment_status":"closed","ping_status":"closed","template":"","meta":{"om_disable_all_campaigns":false,"_monsterinsights_skip_tracking":false,"_monsterinsights_sitenote_active":false,"_monsterinsights_sitenote_note":"","_monsterinsights_sitenote_category":0,"spay_email":"","footnotes":""},"class_list":["post-8220","page","type-page","status-publish","hentry"],"aioseo_notices":[],"yoast_head":"<!-- This site is optimized with the Yoast SEO plugin v18.0 - https:\/\/yoast.com\/wordpress\/plugins\/seo\/ -->\n<title>Open Day Registration - Academstar<\/title>\n<meta name=\"description\" content=\"Academstar Training Centre provides high-quality courses on IELTS, GMAT, GRE, SAT, TOEFL and General English.Our success rate is 95 %. Join us!\" \/>\n<meta name=\"robots\" content=\"index, follow, max-snippet:-1, max-image-preview:large, max-video-preview:-1\" \/>\n<link rel=\"canonical\" href=\"https:\/\/academstar.com\/az\/open-day-registration\/\" \/>\n<meta property=\"og:locale\" content=\"az_AZ\" \/>\n<meta property=\"og:type\" content=\"article\" \/>\n<meta property=\"og:title\" content=\"Open Day Registration - Academstar\" \/>\n<meta property=\"og:description\" content=\"Academstar Training Centre provides high-quality courses on IELTS, GMAT, GRE, SAT, TOEFL and General English.Our success rate is 95 %. Join us!\" \/>\n<meta property=\"og:url\" content=\"https:\/\/academstar.com\/az\/open-day-registration\/\" \/>\n<meta property=\"og:site_name\" content=\"Academstar\" \/>\n<meta property=\"article:modified_time\" content=\"2022-02-24T00:07:26+00:00\" \/>\n<meta name=\"twitter:card\" content=\"summary_large_image\" \/>\n<script type=\"application\/ld+json\" class=\"yoast-schema-graph\">{\"@context\":\"https:\/\/schema.org\",\"@graph\":[{\"@type\":\"Organization\",\"@id\":\"https:\/\/academstar.com\/#organization\",\"name\":\"Academstar\",\"url\":\"https:\/\/academstar.com\/\",\"sameAs\":[],\"logo\":{\"@type\":\"ImageObject\",\"@id\":\"https:\/\/academstar.com\/#logo\",\"inLanguage\":\"az\",\"url\":\"https:\/\/i1.wp.com\/academstar.com\/wp-content\/uploads\/2021\/05\/cropped-48894167_103096714098837_1586699376003121152_n.jpg?fit=512%2C512&ssl=1\",\"contentUrl\":\"https:\/\/i1.wp.com\/academstar.com\/wp-content\/uploads\/2021\/05\/cropped-48894167_103096714098837_1586699376003121152_n.jpg?fit=512%2C512&ssl=1\",\"width\":512,\"height\":512,\"caption\":\"Academstar\"},\"image\":{\"@id\":\"https:\/\/academstar.com\/#logo\"}},{\"@type\":\"WebSite\",\"@id\":\"https:\/\/academstar.com\/#website\",\"url\":\"https:\/\/academstar.com\/\",\"name\":\"Academstar\",\"description\":\"Educational Platform\",\"publisher\":{\"@id\":\"https:\/\/academstar.com\/#organization\"},\"potentialAction\":[{\"@type\":\"SearchAction\",\"target\":{\"@type\":\"EntryPoint\",\"urlTemplate\":\"https:\/\/academstar.com\/?s={search_term_string}\"},\"query-input\":\"required name=search_term_string\"}],\"inLanguage\":\"az\"},{\"@type\":\"WebPage\",\"@id\":\"https:\/\/academstar.com\/open-day-registration\/#webpage\",\"url\":\"https:\/\/academstar.com\/open-day-registration\/\",\"name\":\"Open Day Registration - Academstar\",\"isPartOf\":{\"@id\":\"https:\/\/academstar.com\/#website\"},\"datePublished\":\"2022-02-24T00:07:21+00:00\",\"dateModified\":\"2022-02-24T00:07:26+00:00\",\"description\":\"Academstar Training Centre provides high-quality courses on IELTS, GMAT, GRE, SAT, TOEFL and General English.Our success rate is 95 %. Join us!\",\"breadcrumb\":{\"@id\":\"https:\/\/academstar.com\/open-day-registration\/#breadcrumb\"},\"inLanguage\":\"az\",\"potentialAction\":[{\"@type\":\"ReadAction\",\"target\":[\"https:\/\/academstar.com\/open-day-registration\/\"]}]},{\"@type\":\"BreadcrumbList\",\"@id\":\"https:\/\/academstar.com\/open-day-registration\/#breadcrumb\",\"itemListElement\":[{\"@type\":\"ListItem\",\"position\":1,\"name\":\"Home\",\"item\":\"https:\/\/academstar.com\/\"},{\"@type\":\"ListItem\",\"position\":2,\"name\":\"Open Day Registration\"}]}]}<\/script>\n<!-- \/ Yoast SEO plugin. -->","yoast_head_json":{"title":"Open Day Registration - Academstar","description":"Academstar Training Centre provides high-quality courses on IELTS, GMAT, GRE, SAT, TOEFL and General English.Our success rate is 95 %. Join us!","robots":{"index":"index","follow":"follow","max-snippet":"max-snippet:-1","max-image-preview":"max-image-preview:large","max-video-preview":"max-video-preview:-1"},"canonical":"https:\/\/academstar.com\/az\/open-day-registration\/","og_locale":"az_AZ","og_type":"article","og_title":"Open Day Registration - Academstar","og_description":"Academstar Training Centre provides high-quality courses on IELTS, GMAT, GRE, SAT, TOEFL and General English.Our success rate is 95 %. Join us!","og_url":"https:\/\/academstar.com\/az\/open-day-registration\/","og_site_name":"Academstar","article_modified_time":"2022-02-24T00:07:26+00:00","twitter_card":"summary_large_image","schema":{"@context":"https:\/\/schema.org","@graph":[{"@type":"Organization","@id":"https:\/\/academstar.com\/#organization","name":"Academstar","url":"https:\/\/academstar.com\/","sameAs":[],"logo":{"@type":"ImageObject","@id":"https:\/\/academstar.com\/#logo","inLanguage":"az","url":"https:\/\/i1.wp.com\/academstar.com\/wp-content\/uploads\/2021\/05\/cropped-48894167_103096714098837_1586699376003121152_n.jpg?fit=512%2C512&ssl=1","contentUrl":"https:\/\/i1.wp.com\/academstar.com\/wp-content\/uploads\/2021\/05\/cropped-48894167_103096714098837_1586699376003121152_n.jpg?fit=512%2C512&ssl=1","width":512,"height":512,"caption":"Academstar"},"image":{"@id":"https:\/\/academstar.com\/#logo"}},{"@type":"WebSite","@id":"https:\/\/academstar.com\/#website","url":"https:\/\/academstar.com\/","name":"Academstar","description":"Educational Platform","publisher":{"@id":"https:\/\/academstar.com\/#organization"},"potentialAction":[{"@type":"SearchAction","target":{"@type":"EntryPoint","urlTemplate":"https:\/\/academstar.com\/?s={search_term_string}"},"query-input":"required name=search_term_string"}],"inLanguage":"az"},{"@type":"WebPage","@id":"https:\/\/academstar.com\/open-day-registration\/#webpage","url":"https:\/\/academstar.com\/open-day-registration\/","name":"Open Day Registration - Academstar","isPartOf":{"@id":"https:\/\/academstar.com\/#website"},"datePublished":"2022-02-24T00:07:21+00:00","dateModified":"2022-02-24T00:07:26+00:00","description":"Academstar Training Centre provides high-quality courses on IELTS, GMAT, GRE, SAT, TOEFL and General English.Our success rate is 95 %. Join us!","breadcrumb":{"@id":"https:\/\/academstar.com\/open-day-registration\/#breadcrumb"},"inLanguage":"az","potentialAction":[{"@type":"ReadAction","target":["https:\/\/academstar.com\/open-day-registration\/"]}]},{"@type":"BreadcrumbList","@id":"https:\/\/academstar.com\/open-day-registration\/#breadcrumb","itemListElement":[{"@type":"ListItem","position":1,"name":"Home","item":"https:\/\/academstar.com\/"},{"@type":"ListItem","position":2,"name":"Open Day Registration"}]}]}},"_links":{"self":[{"href":"https:\/\/academstar.com\/az\/wp-json\/wp\/v2\/pages\/8220","targetHints":{"allow":["GET"]}}],"collection":[{"href":"https:\/\/academstar.com\/az\/wp-json\/wp\/v2\/pages"}],"about":[{"href":"https:\/\/academstar.com\/az\/wp-json\/wp\/v2\/types\/page"}],"author":[{"embeddable":true,"href":"https:\/\/academstar.com\/az\/wp-json\/wp\/v2\/users\/1"}],"replies":[{"embeddable":true,"href":"https:\/\/academstar.com\/az\/wp-json\/wp\/v2\/comments?post=8220"}],"version-history":[{"count":1,"href":"https:\/\/academstar.com\/az\/wp-json\/wp\/v2\/pages\/8220\/revisions"}],"predecessor-version":[{"id":8221,"href":"https:\/\/academstar.com\/az\/wp-json\/wp\/v2\/pages\/8220\/revisions\/8221"}],"wp:attachment":[{"href":"https:\/\/academstar.com\/az\/wp-json\/wp\/v2\/media?parent=8220"}],"curies":[{"name":"wp","href":"https:\/\/api.w.org\/{rel}","templated":true}]}}